{"id":4735,"date":"2022-02-17T12:27:14","date_gmt":"2022-02-17T11:27:14","guid":{"rendered":"https:\/\/trypper.it\/vrste-uporabe\/transport\/"},"modified":"2023-11-09T18:40:21","modified_gmt":"2023-11-09T17:40:21","slug":"transport","status":"publish","type":"page","link":"https:\/\/trypper.it\/sl\/vrste-uporabe\/transport\/","title":{"rendered":"Transport"},"content":{"rendered":"\t\t<div data-elementor-type=\"wp-page\" data-elementor-id=\"4735\" class=\"elementor elementor-4735 elementor-1783\">\n\t\t\t\t\t\t\t\t\t<section class=\"elementor-section elementor-top-section elementor-element elementor-element-8bf11df elementor-section-boxed elementor-section-height-default elementor-section-height-default\" data-id=\"8bf11df\" data-element_type=\"section\" data-settings=\"{&quot;jet_parallax_layout_list&quot;:[],&quot;background_background&quot;:&quot;classic&quot;}\">\n\t\t\t\t\t\t<div class=\"elementor-container elementor-column-gap-no\">\n\t\t\t\t\t<div class=\"elementor-column elementor-col-100 elementor-top-column elementor-element elementor-element-ad6c539\" data-id=\"ad6c539\" data-element_type=\"column\">\n\t\t\t<div class=\"elementor-widget-wrap elementor-element-populated\">\n\t\t\t\t\t\t\t\t<div class=\"elementor-element elementor-element-584502f animated-slow elementor-invisible elementor-widget elementor-widget-heading\" data-id=\"584502f\" data-element_type=\"widget\" data-settings=\"{&quot;_animation&quot;:&quot;fadeInLeft&quot;,&quot;_animation_delay&quot;:200}\" data-widget_type=\"heading.default\">\n\t\t\t\t<div class=\"elementor-widget-container\">\n\t\t\t<style>\/*! elementor - v3.14.0 - 18-06-2023 *\/\n.elementor-heading-title{padding:0;margin:0;line-height:1}.elementor-widget-heading .elementor-heading-title[class*=elementor-size-]>a{color:inherit;font-size:inherit;line-height:inherit}.elementor-widget-heading .elementor-heading-title.elementor-size-small{font-size:15px}.elementor-widget-heading .elementor-heading-title.elementor-size-medium{font-size:19px}.elementor-widget-heading .elementor-heading-title.elementor-size-large{font-size:29px}.elementor-widget-heading .elementor-heading-title.elementor-size-xl{font-size:39px}.elementor-widget-heading .elementor-heading-title.elementor-size-xxl{font-size:59px}<\/style><h1 class=\"elementor-heading-title elementor-size-default\">TRANSPORT<\/h1>\t\t<\/div>\n\t\t\t\t<\/div>\n\t\t\t\t\t<\/div>\n\t\t<\/div>\n\t\t\t\t\t\t\t<\/div>\n\t\t<\/section>\n\t\t\t\t<section class=\"elementor-section elementor-top-section elementor-element elementor-element-3c9a422 elementor-section-boxed elementor-section-height-default elementor-section-height-default\" data-id=\"3c9a422\" data-element_type=\"section\" data-settings=\"{&quot;jet_parallax_layout_list&quot;:[],&quot;background_background&quot;:&quot;classic&quot;}\">\n\t\t\t\t\t\t<div class=\"elementor-container elementor-column-gap-no\">\n\t\t\t\t\t<div class=\"elementor-column elementor-col-100 elementor-top-column elementor-element elementor-element-5848c82\" data-id=\"5848c82\" data-element_type=\"column\">\n\t\t\t<div class=\"elementor-widget-wrap elementor-element-populated\">\n\t\t\t\t\t\t\t\t<div class=\"elementor-element elementor-element-602b060 elementor-widget elementor-widget-heading\" data-id=\"602b060\" data-element_type=\"widget\" data-widget_type=\"heading.default\">\n\t\t\t\t<div class=\"elementor-widget-container\">\n\t\t\t<h2 class=\"elementor-heading-title elementor-size-default\">NOSILNOST IN VLE\u010cNA ZMOGLJIVOST<\/h2>\t\t<\/div>\n\t\t\t\t<\/div>\n\t\t\t\t<section class=\"elementor-section elementor-inner-section elementor-element elementor-element-f5e7079 elementor-section-full_width elementor-section-height-default elementor-section-height-default\" data-id=\"f5e7079\" data-element_type=\"section\" data-settings=\"{&quot;jet_parallax_layout_list&quot;:[]}\">\n\t\t\t\t\t\t<div class=\"elementor-container elementor-column-gap-no\">\n\t\t\t\t\t<div class=\"elementor-column elementor-col-50 elementor-inner-column elementor-element elementor-element-8947123\" data-id=\"8947123\" data-element_type=\"column\">\n\t\t\t<div class=\"elementor-widget-wrap elementor-element-populated\">\n\t\t\t\t\t\t\t\t<div class=\"elementor-element elementor-element-ca4ff16 elementor-widget elementor-widget-image\" data-id=\"ca4ff16\" data-element_type=\"widget\" data-widget_type=\"image.default\">\n\t\t\t\t<div class=\"elementor-widget-container\">\n\t\t\t<style>\/*! elementor - v3.14.0 - 18-06-2023 *\/\n.elementor-widget-image{text-align:center}.elementor-widget-image a{display:inline-block}.elementor-widget-image a img[src$=\".svg\"]{width:48px}.elementor-widget-image img{vertical-align:middle;display:inline-block}<\/style>\t\t\t\t\t\t\t\t\t\t\t\t<img loading=\"lazy\" decoding=\"async\" width=\"569\" height=\"598\" src=\"https:\/\/trypper.it\/wp-content\/uploads\/2023\/10\/Trasporto-2.png\" class=\"attachment-full size-full wp-image-4135\" alt=\"\" srcset=\"https:\/\/trypper.it\/wp-content\/uploads\/2023\/10\/Trasporto-2.png 569w, https:\/\/trypper.it\/wp-content\/uploads\/2023\/10\/Trasporto-2-285x300.png 285w\" sizes=\"auto, (max-width: 569px) 100vw, 569px\" \/>\t\t\t\t\t\t\t\t\t\t\t\t\t\t\t<\/div>\n\t\t\t\t<\/div>\n\t\t\t\t\t<\/div>\n\t\t<\/div>\n\t\t\t\t<div class=\"elementor-column elementor-col-50 elementor-inner-column elementor-element elementor-element-8523c78\" data-id=\"8523c78\" data-element_type=\"column\">\n\t\t\t<div class=\"elementor-widget-wrap elementor-element-populated\">\n\t\t\t\t\t\t\t\t<div class=\"elementor-element elementor-element-bc07abe elementor-widget elementor-widget-text-editor\" data-id=\"bc07abe\" data-element_type=\"widget\" data-widget_type=\"text-editor.default\">\n\t\t\t\t<div class=\"elementor-widget-container\">\n\t\t\t<style>\/*! elementor - v3.14.0 - 18-06-2023 *\/\n.elementor-widget-text-editor.elementor-drop-cap-view-stacked .elementor-drop-cap{background-color:#69727d;color:#fff}.elementor-widget-text-editor.elementor-drop-cap-view-framed .elementor-drop-cap{color:#69727d;border:3px solid;background-color:transparent}.elementor-widget-text-editor:not(.elementor-drop-cap-view-default) .elementor-drop-cap{margin-top:8px}.elementor-widget-text-editor:not(.elementor-drop-cap-view-default) .elementor-drop-cap-letter{width:1em;height:1em}.elementor-widget-text-editor .elementor-drop-cap{float:left;text-align:center;line-height:1;font-size:50px}.elementor-widget-text-editor .elementor-drop-cap-letter{display:inline-block}<\/style>\t\t\t\t<p class=\"p1\">IZJEMNA MO\u010c V KOMPAKTNEM OGRODJU<\/p>\n\t\t\t\t\t\t<\/div>\n\t\t\t\t<\/div>\n\t\t\t\t<div class=\"elementor-element elementor-element-9020639 elementor-widget elementor-widget-jet-headline\" data-id=\"9020639\" data-element_type=\"widget\" data-widget_type=\"jet-headline.default\">\n\t\t\t\t<div class=\"elementor-widget-container\">\n\t\t\t<p class=\"jet-headline jet-headline--direction-horizontal\"><span class=\"jet-headline__part jet-headline__first\"><span class=\"jet-headline__deco jet-headline__deco-icon\"><i aria-hidden=\"true\" class=\"fas fa-dolly-flatbed\"><\/i><\/span><span class=\"jet-headline__label\">  <\/span><\/span><span class=\"jet-headline__space\">&nbsp;<\/span><span class=\"jet-headline__part jet-headline__second\"><span class=\"jet-headline__label\">NOSILNOST IN VLE\u010cNA ZMOGLJIVOST\n<\/span><\/span><\/p>\t\t<\/div>\n\t\t\t\t<\/div>\n\t\t\t\t<div class=\"elementor-element elementor-element-c8b28bd elementor-widget elementor-widget-text-editor\" data-id=\"c8b28bd\" data-element_type=\"widget\" data-widget_type=\"text-editor.default\">\n\t\t\t\t<div class=\"elementor-widget-container\">\n\t\t\t\t\t\t\t<\/br><p class=\"p1\">Trypper je kompakten robot z izjemno mo\u010djo, ki resni\u010dno spreminja igro v svetu daljinsko vodenih elektri\u010dnih vozil. <\/br>Njegove kompaktne mere, ki merijo le 132 x 79 x 68 cm, omogo\u010dajo enostavno preva\u017eanje na katerem koli gospodarskem vozilu. <\/br>Z impresivno vle\u010dno zmogljivostjo 250 kg Trypper brez napora obvlada te\u017eka bremena. Njegova integrirana vle\u010dna kljuka zagotavlja, da nobena naloga ni prezahtevna za ta vsestranski stroj.<\/p>\n<p class=\"p1\">Tisto, kar lo\u010duje Trypper od konkurence, je njegova izjemna vsestranskost. Izdelan je tako, da sprejme nosila za varen prevoz po\u0161kodovancev, tudi po razgibanem terenu brez cest in strmih pobo\u010djih, ki presegajo 80 % naklona. Razpolo\u017eljivost elektri\u010dnega vitla ali priklju\u010dka za prikolico pove\u010duje njegovo funkcionalnost, saj omogo\u010da vleko, re\u0161evanje in premikanje te\u017eke opreme.<\/p>\t\t\t\t\t\t<\/div>\n\t\t\t\t<\/div>\n\t\t\t\t\t<\/div>\n\t\t<\/div>\n\t\t\t\t\t\t\t<\/div>\n\t\t<\/section>\n\t\t\t\t\t<\/div>\n\t\t<\/div>\n\t\t\t\t\t\t\t<\/div>\n\t\t<\/section>\n\t\t\t\t<section class=\"elementor-section elementor-top-section elementor-element elementor-element-1c3f387 elementor-section-boxed elementor-section-height-default elementor-section-height-default\" data-id=\"1c3f387\" data-element_type=\"section\" data-settings=\"{&quot;jet_parallax_layout_list&quot;:[],&quot;background_background&quot;:&quot;classic&quot;}\">\n\t\t\t\t\t\t<div class=\"elementor-container elementor-column-gap-no\">\n\t\t\t\t\t<div class=\"elementor-column elementor-col-100 elementor-top-column elementor-element elementor-element-36c0668\" data-id=\"36c0668\" data-element_type=\"column\">\n\t\t\t<div class=\"elementor-widget-wrap elementor-element-populated\">\n\t\t\t\t\t\t\t\t<div class=\"elementor-element elementor-element-c05fafd elementor-widget elementor-widget-heading\" data-id=\"c05fafd\" data-element_type=\"widget\" data-widget_type=\"heading.default\">\n\t\t\t\t<div class=\"elementor-widget-container\">\n\t\t\t<h2 class=\"elementor-heading-title elementor-size-default\">\u010cE \u017dELITE TRYPPERJU DODATI NOV DODATEK, NE OKLAVLJAJTE IN STOPITE V STIK Z NAMI<\/h2>\t\t<\/div>\n\t\t\t\t<\/div>\n\t\t\t\t<div class=\"elementor-element elementor-element-9475c8c elementor-widget__width-initial elementor-widget elementor-widget-text-editor\" data-id=\"9475c8c\" data-element_type=\"widget\" data-widget_type=\"text-editor.default\">\n\t\t\t\t<div class=\"elementor-widget-container\">\n\t\t\t\t\t\t\t<p>O TEM SE LAHKO POGOVORIMO SKUPAJ<\/p>\n\t\t\t\t\t\t<\/div>\n\t\t\t\t<\/div>\n\t\t\t\t<div class=\"elementor-element elementor-element-03cf22a elementor-widget__width-inherit elementor-widget elementor-widget-jet-button\" data-id=\"03cf22a\" data-element_type=\"widget\" data-widget_type=\"jet-button.default\">\n\t\t\t\t<div class=\"elementor-widget-container\">\n\t\t\t<div class=\"elementor-jet-button jet-elements\"><div class=\"jet-button__container\">\n\t<a class=\"jet-button__instance jet-button__instance--icon- hover-effect-1\" href=\"https:\/\/trypper.it\/sl\/kontaktirajte\/\">\n\t\t<div class=\"jet-button__plane jet-button__plane-normal\"><\/div>\n\t\t<div class=\"jet-button__plane jet-button__plane-hover\"><\/div>\n\t\t<div class=\"jet-button__state jet-button__state-normal\">\n\t\t\t<span class=\"jet-button__label\">Kontaktirajte nas<\/span>\t\t<\/div>\n\t\t<div class=\"jet-button__state jet-button__state-hover\">\n\t\t\t<span class=\"jet-button__label\">Kontaktirajte nas<\/span>\t\t<\/div>\n\t<\/a>\n<\/div>\n<\/div>\t\t<\/div>\n\t\t\t\t<\/div>\n\t\t\t\t\t<\/div>\n\t\t<\/div>\n\t\t\t\t\t\t\t<\/div>\n\t\t<\/section>\n\t\t\t\t\t\t\t<\/div>\n\t\t","protected":false},"excerpt":{"rendered":"<p>TRANSPORT NOSILNOST IN VLE\u010cNA ZMOGLJIVOST IZJEMNA MO\u010c V KOMPAKTNEM OGRODJU &nbsp;NOSILNOST IN VLE\u010cNA ZMOGLJIVOST Trypper je kompakten robot z izjemno mo\u010djo, ki resni\u010dno spreminja igro v svetu daljinsko vodenih elektri\u010dnih vozil. Njegove kompaktne mere, ki merijo le 132 x 79 x 68 cm, omogo\u010dajo enostavno preva\u017eanje na katerem koli gospodarskem vozilu. Z impresivno vle\u010dno zmogljivostjo [&hellip;]<\/p>\n","protected":false},"author":1,"featured_media":0,"parent":4714,"menu_order":0,"comment_status":"closed","ping_status":"closed","template":"elementor_header_footer","meta":{"footnotes":""},"class_list":["post-4735","page","type-page","status-publish","hentry"],"_links":{"self":[{"href":"https:\/\/trypper.it\/sl\/wp-json\/wp\/v2\/pages\/4735","targetHints":{"allow":["GET"]}}],"collection":[{"href":"https:\/\/trypper.it\/sl\/wp-json\/wp\/v2\/pages"}],"about":[{"href":"https:\/\/trypper.it\/sl\/wp-json\/wp\/v2\/types\/page"}],"author":[{"embeddable":true,"href":"https:\/\/trypper.it\/sl\/wp-json\/wp\/v2\/users\/1"}],"replies":[{"embeddable":true,"href":"https:\/\/trypper.it\/sl\/wp-json\/wp\/v2\/comments?post=4735"}],"version-history":[{"count":31,"href":"https:\/\/trypper.it\/sl\/wp-json\/wp\/v2\/pages\/4735\/revisions"}],"predecessor-version":[{"id":5052,"href":"https:\/\/trypper.it\/sl\/wp-json\/wp\/v2\/pages\/4735\/revisions\/5052"}],"up":[{"embeddable":true,"href":"https:\/\/trypper.it\/sl\/wp-json\/wp\/v2\/pages\/4714"}],"wp:attachment":[{"href":"https:\/\/trypper.it\/sl\/wp-json\/wp\/v2\/media?parent=4735"}],"curies":[{"name":"wp","href":"https:\/\/api.w.org\/{rel}","templated":true}]}}