{"id":4733,"date":"2023-06-23T16:22:12","date_gmt":"2023-06-23T14:22:12","guid":{"rendered":"https:\/\/trypper.it\/vrste-uporabe\/resevanje\/"},"modified":"2023-11-09T18:38:58","modified_gmt":"2023-11-09T17:38:58","slug":"resevanje","status":"publish","type":"page","link":"https:\/\/trypper.it\/sl\/vrste-uporabe\/resevanje\/","title":{"rendered":"Re\u0161evanje"},"content":{"rendered":"\t\t<div data-elementor-type=\"wp-page\" data-elementor-id=\"4733\" class=\"elementor elementor-4733 elementor-2114\">\n\t\t\t\t\t\t\t\t\t<section class=\"elementor-section elementor-top-section elementor-element elementor-element-8bf11df elementor-section-boxed elementor-section-height-default elementor-section-height-default\" data-id=\"8bf11df\" data-element_type=\"section\" data-settings=\"{&quot;jet_parallax_layout_list&quot;:[],&quot;background_background&quot;:&quot;classic&quot;}\">\n\t\t\t\t\t\t<div class=\"elementor-container elementor-column-gap-no\">\n\t\t\t\t\t<div class=\"elementor-column elementor-col-100 elementor-top-column elementor-element elementor-element-ad6c539\" data-id=\"ad6c539\" data-element_type=\"column\">\n\t\t\t<div class=\"elementor-widget-wrap elementor-element-populated\">\n\t\t\t\t\t\t\t\t<div class=\"elementor-element elementor-element-584502f animated-slow elementor-invisible elementor-widget elementor-widget-heading\" data-id=\"584502f\" data-element_type=\"widget\" data-settings=\"{&quot;_animation&quot;:&quot;fadeInLeft&quot;,&quot;_animation_delay&quot;:200}\" data-widget_type=\"heading.default\">\n\t\t\t\t<div class=\"elementor-widget-container\">\n\t\t\t<style>\/*! elementor - v3.14.0 - 18-06-2023 *\/\n.elementor-heading-title{padding:0;margin:0;line-height:1}.elementor-widget-heading .elementor-heading-title[class*=elementor-size-]>a{color:inherit;font-size:inherit;line-height:inherit}.elementor-widget-heading .elementor-heading-title.elementor-size-small{font-size:15px}.elementor-widget-heading .elementor-heading-title.elementor-size-medium{font-size:19px}.elementor-widget-heading .elementor-heading-title.elementor-size-large{font-size:29px}.elementor-widget-heading .elementor-heading-title.elementor-size-xl{font-size:39px}.elementor-widget-heading .elementor-heading-title.elementor-size-xxl{font-size:59px}<\/style><h1 class=\"elementor-heading-title elementor-size-default\">RE\u0160EVANJE<\/h1>\t\t<\/div>\n\t\t\t\t<\/div>\n\t\t\t\t\t<\/div>\n\t\t<\/div>\n\t\t\t\t\t\t\t<\/div>\n\t\t<\/section>\n\t\t\t\t<section class=\"elementor-section elementor-top-section elementor-element elementor-element-3c9a422 elementor-section-boxed elementor-section-height-default elementor-section-height-default\" data-id=\"3c9a422\" data-element_type=\"section\" data-settings=\"{&quot;jet_parallax_layout_list&quot;:[],&quot;background_background&quot;:&quot;classic&quot;}\">\n\t\t\t\t\t\t<div class=\"elementor-container elementor-column-gap-no\">\n\t\t\t\t\t<div class=\"elementor-column elementor-col-100 elementor-top-column elementor-element elementor-element-5848c82\" data-id=\"5848c82\" data-element_type=\"column\">\n\t\t\t<div class=\"elementor-widget-wrap elementor-element-populated\">\n\t\t\t\t\t\t\t\t<div class=\"elementor-element elementor-element-602b060 elementor-widget elementor-widget-heading\" data-id=\"602b060\" data-element_type=\"widget\" data-widget_type=\"heading.default\">\n\t\t\t\t<div class=\"elementor-widget-container\">\n\t\t\t<h2 class=\"elementor-heading-title elementor-size-default\">NEPOGRE\u0160LJIV ZAVEZNIK PRI RE\u0160EVANJU \u017dIVLJENJ<\/h2>\t\t<\/div>\n\t\t\t\t<\/div>\n\t\t\t\t<section class=\"elementor-section elementor-inner-section elementor-element elementor-element-f5e7079 elementor-section-full_width elementor-section-height-default elementor-section-height-default\" data-id=\"f5e7079\" data-element_type=\"section\" data-settings=\"{&quot;jet_parallax_layout_list&quot;:[]}\">\n\t\t\t\t\t\t<div class=\"elementor-container elementor-column-gap-no\">\n\t\t\t\t\t<div class=\"elementor-column elementor-col-50 elementor-inner-column elementor-element elementor-element-8947123\" data-id=\"8947123\" data-element_type=\"column\">\n\t\t\t<div class=\"elementor-widget-wrap elementor-element-populated\">\n\t\t\t\t\t\t\t\t<div class=\"elementor-element elementor-element-ca4ff16 elementor-widget elementor-widget-image\" data-id=\"ca4ff16\" data-element_type=\"widget\" data-widget_type=\"image.default\">\n\t\t\t\t<div class=\"elementor-widget-container\">\n\t\t\t<style>\/*! elementor - v3.14.0 - 18-06-2023 *\/\n.elementor-widget-image{text-align:center}.elementor-widget-image a{display:inline-block}.elementor-widget-image a img[src$=\".svg\"]{width:48px}.elementor-widget-image img{vertical-align:middle;display:inline-block}<\/style>\t\t\t\t\t\t\t\t\t\t\t\t<img loading=\"lazy\" decoding=\"async\" width=\"569\" height=\"598\" src=\"https:\/\/trypper.it\/wp-content\/uploads\/2023\/11\/Soccorso-SLO.png\" class=\"attachment-full size-full wp-image-5025\" alt=\"\" srcset=\"https:\/\/trypper.it\/wp-content\/uploads\/2023\/11\/Soccorso-SLO.png 569w, https:\/\/trypper.it\/wp-content\/uploads\/2023\/11\/Soccorso-SLO-285x300.png 285w\" sizes=\"auto, (max-width: 569px) 100vw, 569px\" \/>\t\t\t\t\t\t\t\t\t\t\t\t\t\t\t<\/div>\n\t\t\t\t<\/div>\n\t\t\t\t\t<\/div>\n\t\t<\/div>\n\t\t\t\t<div class=\"elementor-column elementor-col-50 elementor-inner-column elementor-element elementor-element-8523c78\" data-id=\"8523c78\" data-element_type=\"column\">\n\t\t\t<div class=\"elementor-widget-wrap elementor-element-populated\">\n\t\t\t\t\t\t\t\t<div class=\"elementor-element elementor-element-9020639 elementor-widget elementor-widget-jet-headline\" data-id=\"9020639\" data-element_type=\"widget\" data-widget_type=\"jet-headline.default\">\n\t\t\t\t<div class=\"elementor-widget-container\">\n\t\t\t<p class=\"jet-headline jet-headline--direction-horizontal\"><span class=\"jet-headline__part jet-headline__first\"><span class=\"jet-headline__deco jet-headline__deco-icon\"><i aria-hidden=\"true\" class=\"fas fa-ambulance\"><\/i><\/span><span class=\"jet-headline__label\">  <\/span><\/span><span class=\"jet-headline__space\">&nbsp;<\/span><span class=\"jet-headline__part jet-headline__second\"><span class=\"jet-headline__label\">RE\u0160EVALNE AKCIJE\n<\/span><\/span><\/p>\t\t<\/div>\n\t\t\t\t<\/div>\n\t\t\t\t<div class=\"elementor-element elementor-element-bf2c6a4 elementor-widget elementor-widget-text-editor\" data-id=\"bf2c6a4\" data-element_type=\"widget\" data-widget_type=\"text-editor.default\">\n\t\t\t\t<div class=\"elementor-widget-container\">\n\t\t\t<style>\/*! elementor - v3.14.0 - 18-06-2023 *\/\n.elementor-widget-text-editor.elementor-drop-cap-view-stacked .elementor-drop-cap{background-color:#69727d;color:#fff}.elementor-widget-text-editor.elementor-drop-cap-view-framed .elementor-drop-cap{color:#69727d;border:3px solid;background-color:transparent}.elementor-widget-text-editor:not(.elementor-drop-cap-view-default) .elementor-drop-cap{margin-top:8px}.elementor-widget-text-editor:not(.elementor-drop-cap-view-default) .elementor-drop-cap-letter{width:1em;height:1em}.elementor-widget-text-editor .elementor-drop-cap{float:left;text-align:center;line-height:1;font-size:50px}.elementor-widget-text-editor .elementor-drop-cap-letter{display:inline-block}<\/style>\t\t\t\t<p class=\"p1\">Trypper je dragocena prednost med operacijami iskanja in re\u0161evanja, saj ponuja zmogljivost, varnost in vsestranskost. <\/br>Lahko je opremljen z infrarde\u010do ali termovizijsko kamero, ki omogo\u010da zaznavanje posameznikov tudi v slab\u0161ih vidljivostnih pogojih. <\/br>V civilnih re\u0161evalnih operacijah lahko Trypper stopi pred re\u0161evalce in jih za\u0161\u010diti pred morebitnimi nevarnostmi, kot so po\u017eari ali nesre\u010de.<\/p>\n<p class=\"p1\">Trypper je zasnovan za navigacijo po zahtevnem terenu brez napora. Opremljen je z gosenicami, ki zagotavljajo odli\u010den oprijem, kar mu omogo\u010da samostojno delovanje na razgibanih terenih, tudi na najstrmej\u0161ih pobo\u010djih, ki presegajo 80% naklon. <\/br>Trypper odlikuje tudi impresivna avtonomija, saj z enim polnjenjem deluje ve\u010d ur. Pona\u0161a se z vle\u010dno zmogljivostjo 250 kg. <\/br>Lahko nosi te\u017eke materiale, opremo in celo nosila za prevoz po\u0161kodovancev.<\/p>\t\t\t\t\t\t<\/div>\n\t\t\t\t<\/div>\n\t\t\t\t\t<\/div>\n\t\t<\/div>\n\t\t\t\t\t\t\t<\/div>\n\t\t<\/section>\n\t\t\t\t\t<\/div>\n\t\t<\/div>\n\t\t\t\t\t\t\t<\/div>\n\t\t<\/section>\n\t\t\t\t<section class=\"elementor-section elementor-top-section elementor-element elementor-element-1c3f387 elementor-section-boxed elementor-section-height-default elementor-section-height-default\" data-id=\"1c3f387\" data-element_type=\"section\" data-settings=\"{&quot;jet_parallax_layout_list&quot;:[],&quot;background_background&quot;:&quot;classic&quot;}\">\n\t\t\t\t\t\t<div class=\"elementor-container elementor-column-gap-no\">\n\t\t\t\t\t<div class=\"elementor-column elementor-col-100 elementor-top-column elementor-element elementor-element-36c0668\" data-id=\"36c0668\" data-element_type=\"column\">\n\t\t\t<div class=\"elementor-widget-wrap elementor-element-populated\">\n\t\t\t\t\t\t\t\t<div class=\"elementor-element elementor-element-c05fafd elementor-widget elementor-widget-heading\" data-id=\"c05fafd\" data-element_type=\"widget\" data-widget_type=\"heading.default\">\n\t\t\t\t<div class=\"elementor-widget-container\">\n\t\t\t<h2 class=\"elementor-heading-title elementor-size-default\">\u010cE \u017dELITE TRYPPERJU DODATI NOV DODATEK, NE OKLAVLJAJTE IN STOPITE V STIK Z NAMI<\/h2>\t\t<\/div>\n\t\t\t\t<\/div>\n\t\t\t\t<div class=\"elementor-element elementor-element-9475c8c elementor-widget__width-initial elementor-widget elementor-widget-text-editor\" data-id=\"9475c8c\" data-element_type=\"widget\" data-widget_type=\"text-editor.default\">\n\t\t\t\t<div class=\"elementor-widget-container\">\n\t\t\t\t\t\t\t<p>O TEM SE LAHKO POGOVORIMO SKUPAJ<\/p>\n\t\t\t\t\t\t<\/div>\n\t\t\t\t<\/div>\n\t\t\t\t<div class=\"elementor-element elementor-element-03cf22a elementor-widget__width-inherit animated-slow elementor-invisible elementor-widget elementor-widget-jet-button\" data-id=\"03cf22a\" data-element_type=\"widget\" data-settings=\"{&quot;_animation&quot;:&quot;fadeIn&quot;}\" data-widget_type=\"jet-button.default\">\n\t\t\t\t<div class=\"elementor-widget-container\">\n\t\t\t<div class=\"elementor-jet-button jet-elements\"><div class=\"jet-button__container\">\n\t<a class=\"jet-button__instance jet-button__instance--icon- hover-effect-1\" href=\"https:\/\/trypper.it\/sl\/kontaktirajte\/\">\n\t\t<div class=\"jet-button__plane jet-button__plane-normal\"><\/div>\n\t\t<div class=\"jet-button__plane jet-button__plane-hover\"><\/div>\n\t\t<div class=\"jet-button__state jet-button__state-normal\">\n\t\t\t<span class=\"jet-button__label\">Kontaktirajte nas<\/span>\t\t<\/div>\n\t\t<div class=\"jet-button__state jet-button__state-hover\">\n\t\t\t<span class=\"jet-button__label\">Kontaktirajte nas<\/span>\t\t<\/div>\n\t<\/a>\n<\/div>\n<\/div>\t\t<\/div>\n\t\t\t\t<\/div>\n\t\t\t\t\t<\/div>\n\t\t<\/div>\n\t\t\t\t\t\t\t<\/div>\n\t\t<\/section>\n\t\t\t\t\t\t\t<\/div>\n\t\t","protected":false},"excerpt":{"rendered":"<p>RE\u0160EVANJE NEPOGRE\u0160LJIV ZAVEZNIK PRI RE\u0160EVANJU \u017dIVLJENJ &nbsp;RE\u0160EVALNE AKCIJE Trypper je dragocena prednost med operacijami iskanja in re\u0161evanja, saj ponuja zmogljivost, varnost in vsestranskost. Lahko je opremljen z infrarde\u010do ali termovizijsko kamero, ki omogo\u010da zaznavanje posameznikov tudi v slab\u0161ih vidljivostnih pogojih. V civilnih re\u0161evalnih operacijah lahko Trypper stopi pred re\u0161evalce in jih za\u0161\u010diti pred morebitnimi nevarnostmi, [&hellip;]<\/p>\n","protected":false},"author":1,"featured_media":0,"parent":4714,"menu_order":0,"comment_status":"closed","ping_status":"closed","template":"elementor_header_footer","meta":{"footnotes":""},"class_list":["post-4733","page","type-page","status-publish","hentry"],"_links":{"self":[{"href":"https:\/\/trypper.it\/sl\/wp-json\/wp\/v2\/pages\/4733","targetHints":{"allow":["GET"]}}],"collection":[{"href":"https:\/\/trypper.it\/sl\/wp-json\/wp\/v2\/pages"}],"about":[{"href":"https:\/\/trypper.it\/sl\/wp-json\/wp\/v2\/types\/page"}],"author":[{"embeddable":true,"href":"https:\/\/trypper.it\/sl\/wp-json\/wp\/v2\/users\/1"}],"replies":[{"embeddable":true,"href":"https:\/\/trypper.it\/sl\/wp-json\/wp\/v2\/comments?post=4733"}],"version-history":[{"count":17,"href":"https:\/\/trypper.it\/sl\/wp-json\/wp\/v2\/pages\/4733\/revisions"}],"predecessor-version":[{"id":5040,"href":"https:\/\/trypper.it\/sl\/wp-json\/wp\/v2\/pages\/4733\/revisions\/5040"}],"up":[{"embeddable":true,"href":"https:\/\/trypper.it\/sl\/wp-json\/wp\/v2\/pages\/4714"}],"wp:attachment":[{"href":"https:\/\/trypper.it\/sl\/wp-json\/wp\/v2\/media?parent=4733"}],"curies":[{"name":"wp","href":"https:\/\/api.w.org\/{rel}","templated":true}]}}