{"id":4731,"date":"2022-02-17T12:29:26","date_gmt":"2022-02-17T11:29:26","guid":{"rendered":"https:\/\/trypper.it\/vrste-uporabe\/varnost\/"},"modified":"2023-11-09T18:39:28","modified_gmt":"2023-11-09T17:39:28","slug":"varnost","status":"publish","type":"page","link":"https:\/\/trypper.it\/sl\/vrste-uporabe\/varnost\/","title":{"rendered":"Varnost"},"content":{"rendered":"\t\t<div data-elementor-type=\"wp-page\" data-elementor-id=\"4731\" class=\"elementor elementor-4731 elementor-1789\">\n\t\t\t\t\t\t\t\t\t<section class=\"elementor-section elementor-top-section elementor-element elementor-element-79c396b elementor-section-boxed elementor-section-height-default elementor-section-height-default\" data-id=\"79c396b\" data-element_type=\"section\" data-settings=\"{&quot;jet_parallax_layout_list&quot;:[],&quot;background_background&quot;:&quot;classic&quot;}\">\n\t\t\t\t\t\t<div class=\"elementor-container elementor-column-gap-no\">\n\t\t\t\t\t<div class=\"elementor-column elementor-col-100 elementor-top-column elementor-element elementor-element-804e41e\" data-id=\"804e41e\" data-element_type=\"column\">\n\t\t\t<div class=\"elementor-widget-wrap elementor-element-populated\">\n\t\t\t\t\t\t\t\t<div class=\"elementor-element elementor-element-c2bef47 animated-slow elementor-invisible elementor-widget elementor-widget-heading\" data-id=\"c2bef47\" data-element_type=\"widget\" data-settings=\"{&quot;_animation&quot;:&quot;fadeInLeft&quot;,&quot;_animation_delay&quot;:200}\" data-widget_type=\"heading.default\">\n\t\t\t\t<div class=\"elementor-widget-container\">\n\t\t\t<style>\/*! elementor - v3.14.0 - 18-06-2023 *\/\n.elementor-heading-title{padding:0;margin:0;line-height:1}.elementor-widget-heading .elementor-heading-title[class*=elementor-size-]>a{color:inherit;font-size:inherit;line-height:inherit}.elementor-widget-heading .elementor-heading-title.elementor-size-small{font-size:15px}.elementor-widget-heading .elementor-heading-title.elementor-size-medium{font-size:19px}.elementor-widget-heading .elementor-heading-title.elementor-size-large{font-size:29px}.elementor-widget-heading .elementor-heading-title.elementor-size-xl{font-size:39px}.elementor-widget-heading .elementor-heading-title.elementor-size-xxl{font-size:59px}<\/style><h1 class=\"elementor-heading-title elementor-size-default\">VARNOST<\/h1>\t\t<\/div>\n\t\t\t\t<\/div>\n\t\t\t\t\t<\/div>\n\t\t<\/div>\n\t\t\t\t\t\t\t<\/div>\n\t\t<\/section>\n\t\t\t\t<section class=\"elementor-section elementor-top-section elementor-element elementor-element-5c288ec elementor-section-boxed elementor-section-height-default elementor-section-height-default\" data-id=\"5c288ec\" data-element_type=\"section\" data-settings=\"{&quot;jet_parallax_layout_list&quot;:[],&quot;background_background&quot;:&quot;classic&quot;}\">\n\t\t\t\t\t\t<div class=\"elementor-container elementor-column-gap-no\">\n\t\t\t\t\t<div class=\"elementor-column elementor-col-100 elementor-top-column elementor-element elementor-element-3fac893\" data-id=\"3fac893\" data-element_type=\"column\">\n\t\t\t<div class=\"elementor-widget-wrap elementor-element-populated\">\n\t\t\t\t\t\t\t\t<div class=\"elementor-element elementor-element-025f98c elementor-widget elementor-widget-heading\" data-id=\"025f98c\" data-element_type=\"widget\" data-widget_type=\"heading.default\">\n\t\t\t\t<div class=\"elementor-widget-container\">\n\t\t\t<h2 class=\"elementor-heading-title elementor-size-default\">PREIZKU\u0160EN IN POTRJEN ZA VARNOST\n<\/h2>\t\t<\/div>\n\t\t\t\t<\/div>\n\t\t\t\t<section class=\"elementor-section elementor-inner-section elementor-element elementor-element-be8c130 elementor-section-full_width elementor-section-height-default elementor-section-height-default\" data-id=\"be8c130\" data-element_type=\"section\" data-settings=\"{&quot;jet_parallax_layout_list&quot;:[]}\">\n\t\t\t\t\t\t<div class=\"elementor-container elementor-column-gap-no\">\n\t\t\t\t\t<div class=\"elementor-column elementor-col-50 elementor-inner-column elementor-element elementor-element-50c4c5d\" data-id=\"50c4c5d\" data-element_type=\"column\">\n\t\t\t<div class=\"elementor-widget-wrap elementor-element-populated\">\n\t\t\t\t\t\t\t\t<div class=\"elementor-element elementor-element-b8e30ea elementor-widget elementor-widget-image\" data-id=\"b8e30ea\" data-element_type=\"widget\" data-widget_type=\"image.default\">\n\t\t\t\t<div class=\"elementor-widget-container\">\n\t\t\t<style>\/*! elementor - v3.14.0 - 18-06-2023 *\/\n.elementor-widget-image{text-align:center}.elementor-widget-image a{display:inline-block}.elementor-widget-image a img[src$=\".svg\"]{width:48px}.elementor-widget-image img{vertical-align:middle;display:inline-block}<\/style>\t\t\t\t\t\t\t\t\t\t\t\t<img loading=\"lazy\" decoding=\"async\" width=\"569\" height=\"598\" src=\"https:\/\/trypper.it\/wp-content\/uploads\/2023\/10\/Sicurezza-2.png\" class=\"attachment-full size-full wp-image-4137\" alt=\"\" srcset=\"https:\/\/trypper.it\/wp-content\/uploads\/2023\/10\/Sicurezza-2.png 569w, https:\/\/trypper.it\/wp-content\/uploads\/2023\/10\/Sicurezza-2-285x300.png 285w\" sizes=\"auto, (max-width: 569px) 100vw, 569px\" \/>\t\t\t\t\t\t\t\t\t\t\t\t\t\t\t<\/div>\n\t\t\t\t<\/div>\n\t\t\t\t\t<\/div>\n\t\t<\/div>\n\t\t\t\t<div class=\"elementor-column elementor-col-50 elementor-inner-column elementor-element elementor-element-391af3a\" data-id=\"391af3a\" data-element_type=\"column\">\n\t\t\t<div class=\"elementor-widget-wrap elementor-element-populated\">\n\t\t\t\t\t\t\t\t<div class=\"elementor-element elementor-element-27357f4 elementor-widget elementor-widget-text-editor\" data-id=\"27357f4\" data-element_type=\"widget\" data-widget_type=\"text-editor.default\">\n\t\t\t\t<div class=\"elementor-widget-container\">\n\t\t\t<style>\/*! elementor - v3.14.0 - 18-06-2023 *\/\n.elementor-widget-text-editor.elementor-drop-cap-view-stacked .elementor-drop-cap{background-color:#69727d;color:#fff}.elementor-widget-text-editor.elementor-drop-cap-view-framed .elementor-drop-cap{color:#69727d;border:3px solid;background-color:transparent}.elementor-widget-text-editor:not(.elementor-drop-cap-view-default) .elementor-drop-cap{margin-top:8px}.elementor-widget-text-editor:not(.elementor-drop-cap-view-default) .elementor-drop-cap-letter{width:1em;height:1em}.elementor-widget-text-editor .elementor-drop-cap{float:left;text-align:center;line-height:1;font-size:50px}.elementor-widget-text-editor .elementor-drop-cap-letter{display:inline-block}<\/style>\t\t\t\t<p>VSAK TRYPPER PRED DOSTAVO PRESTANE STROGE PREIZKUSE DELOVANJA. TE PREIZKUSE IZVAJA IN ODOBRI NA\u0160A MONTA\u017dNA EKIPA, KI ZAGOTAVLJA, DA VSAK TRIPPER IZPOLNJUJE STANDARDE, DOLO\u010cENE S PREDPISI EVROPSKE UNIJE<\/p>\n\t\t\t\t\t\t<\/div>\n\t\t\t\t<\/div>\n\t\t\t\t<div class=\"elementor-element elementor-element-5a68def elementor-widget elementor-widget-jet-headline\" data-id=\"5a68def\" data-element_type=\"widget\" data-widget_type=\"jet-headline.default\">\n\t\t\t\t<div class=\"elementor-widget-container\">\n\t\t\t<p class=\"jet-headline jet-headline--direction-horizontal\"><span class=\"jet-headline__part jet-headline__first\"><span class=\"jet-headline__deco jet-headline__deco-icon\"><i aria-hidden=\"true\" class=\"fas fa-shield-alt\"><\/i><\/span><span class=\"jet-headline__label\">  <\/span><\/span><span class=\"jet-headline__space\">&nbsp;<\/span><span class=\"jet-headline__part jet-headline__second\"><span class=\"jet-headline__label\">VARNOST\n<\/span><\/span><\/p>\t\t<\/div>\n\t\t\t\t<\/div>\n\t\t\t\t<div class=\"elementor-element elementor-element-d402177 elementor-widget elementor-widget-text-editor\" data-id=\"d402177\" data-element_type=\"widget\" data-widget_type=\"text-editor.default\">\n\t\t\t\t<div class=\"elementor-widget-container\">\n\t\t\t\t\t\t\t<\/br><p class=\"p1\">Trypper ima certifikat na ravni skupnosti in nosi oznako CE. Upravljanje tega robota je preprosto in uporabniku prijazno. Sistem daljinskega upravljanja ponuja omejen nabor jasnih ukazov, kar omogo\u010da enostavno in intuitivno upravljanje v obmo\u010dju do 100 metrov v odprtem prostoru.<\/p>\n<p class=\"p1\">Uporabljamo samo vrhunske materiale, vse certificirano v skladu s predpisi Evropske unije. Poleg tega ga Trypperjev dvoslojni pra\u0161kasti premaz naredi vodoodpornega in ga \u0161\u010diti pred korozijo, ko je izpostavljen vodi.<\/p>\n<p class=\"p1\">Da bi pove\u010dali varnost, Trypper napajajo gelne baterije. Te baterije smo izbrali, ker imajo 5-krat dalj\u0161o \u017eivljenjsko dobo od litijevih baterij, ki so tudi lahko vnetljive. Odlo\u010ditev za te baterije prav tako pove\u010da stabilnost vozila na razli\u010dnih povr\u0161inah saj ohranjanja nizko te\u017ei\u0161\u010de in uravnava pritisk, ki nastane z uporabo gasilskega monitorja.<\/p>\t\t\t\t\t\t<\/div>\n\t\t\t\t<\/div>\n\t\t\t\t\t<\/div>\n\t\t<\/div>\n\t\t\t\t\t\t\t<\/div>\n\t\t<\/section>\n\t\t\t\t\t<\/div>\n\t\t<\/div>\n\t\t\t\t\t\t\t<\/div>\n\t\t<\/section>\n\t\t\t\t<section class=\"elementor-section elementor-top-section elementor-element elementor-element-ca510fc elementor-section-boxed elementor-section-height-default elementor-section-height-default\" data-id=\"ca510fc\" data-element_type=\"section\" data-settings=\"{&quot;jet_parallax_layout_list&quot;:[],&quot;background_background&quot;:&quot;classic&quot;}\">\n\t\t\t\t\t\t<div class=\"elementor-container elementor-column-gap-no\">\n\t\t\t\t\t<div class=\"elementor-column elementor-col-100 elementor-top-column elementor-element elementor-element-8a7ce34\" data-id=\"8a7ce34\" data-element_type=\"column\">\n\t\t\t<div class=\"elementor-widget-wrap elementor-element-populated\">\n\t\t\t\t\t\t\t\t<div class=\"elementor-element elementor-element-eb84fd5 elementor-widget elementor-widget-heading\" data-id=\"eb84fd5\" data-element_type=\"widget\" data-widget_type=\"heading.default\">\n\t\t\t\t<div class=\"elementor-widget-container\">\n\t\t\t<h2 class=\"elementor-heading-title elementor-size-default\">\u010cE \u017dELITE TRYPPERJU DODATI NOV DODATEK, NE OKLAVLJAJTE IN STOPITE V STIK Z NAMI<\/h2>\t\t<\/div>\n\t\t\t\t<\/div>\n\t\t\t\t<div class=\"elementor-element elementor-element-1fbee2f elementor-widget__width-initial elementor-widget elementor-widget-text-editor\" data-id=\"1fbee2f\" data-element_type=\"widget\" data-widget_type=\"text-editor.default\">\n\t\t\t\t<div class=\"elementor-widget-container\">\n\t\t\t\t\t\t\t<p>O TEM SE LAHKO POGOVORIMO SKUPAJ<\/p>\n\t\t\t\t\t\t<\/div>\n\t\t\t\t<\/div>\n\t\t\t\t<div class=\"elementor-element elementor-element-c5cf286 elementor-widget__width-inherit elementor-widget elementor-widget-jet-button\" data-id=\"c5cf286\" data-element_type=\"widget\" data-widget_type=\"jet-button.default\">\n\t\t\t\t<div class=\"elementor-widget-container\">\n\t\t\t<div class=\"elementor-jet-button jet-elements\"><div class=\"jet-button__container\">\n\t<a class=\"jet-button__instance jet-button__instance--icon- hover-effect-1\" href=\"https:\/\/trypper.it\/sl\/kontaktirajte\/\">\n\t\t<div class=\"jet-button__plane jet-button__plane-normal\"><\/div>\n\t\t<div class=\"jet-button__plane jet-button__plane-hover\"><\/div>\n\t\t<div class=\"jet-button__state jet-button__state-normal\">\n\t\t\t<span class=\"jet-button__label\">Kontaktirajte nas<\/span>\t\t<\/div>\n\t\t<div class=\"jet-button__state jet-button__state-hover\">\n\t\t\t<span class=\"jet-button__label\">Kontaktirajte nas<\/span>\t\t<\/div>\n\t<\/a>\n<\/div>\n<\/div>\t\t<\/div>\n\t\t\t\t<\/div>\n\t\t\t\t\t<\/div>\n\t\t<\/div>\n\t\t\t\t\t\t\t<\/div>\n\t\t<\/section>\n\t\t\t\t\t\t\t<\/div>\n\t\t","protected":false},"excerpt":{"rendered":"<p>VARNOST PREIZKU\u0160EN IN POTRJEN ZA VARNOST VSAK TRYPPER PRED DOSTAVO PRESTANE STROGE PREIZKUSE DELOVANJA. TE PREIZKUSE IZVAJA IN ODOBRI NA\u0160A MONTA\u017dNA EKIPA, KI ZAGOTAVLJA, DA VSAK TRIPPER IZPOLNJUJE STANDARDE, DOLO\u010cENE S PREDPISI EVROPSKE UNIJE &nbsp;VARNOST Trypper ima certifikat na ravni skupnosti in nosi oznako CE. Upravljanje tega robota je preprosto in uporabniku prijazno. Sistem daljinskega [&hellip;]<\/p>\n","protected":false},"author":1,"featured_media":0,"parent":4714,"menu_order":0,"comment_status":"closed","ping_status":"closed","template":"elementor_header_footer","meta":{"footnotes":""},"class_list":["post-4731","page","type-page","status-publish","hentry"],"_links":{"self":[{"href":"https:\/\/trypper.it\/sl\/wp-json\/wp\/v2\/pages\/4731","targetHints":{"allow":["GET"]}}],"collection":[{"href":"https:\/\/trypper.it\/sl\/wp-json\/wp\/v2\/pages"}],"about":[{"href":"https:\/\/trypper.it\/sl\/wp-json\/wp\/v2\/types\/page"}],"author":[{"embeddable":true,"href":"https:\/\/trypper.it\/sl\/wp-json\/wp\/v2\/users\/1"}],"replies":[{"embeddable":true,"href":"https:\/\/trypper.it\/sl\/wp-json\/wp\/v2\/comments?post=4731"}],"version-history":[{"count":17,"href":"https:\/\/trypper.it\/sl\/wp-json\/wp\/v2\/pages\/4731\/revisions"}],"predecessor-version":[{"id":5043,"href":"https:\/\/trypper.it\/sl\/wp-json\/wp\/v2\/pages\/4731\/revisions\/5043"}],"up":[{"embeddable":true,"href":"https:\/\/trypper.it\/sl\/wp-json\/wp\/v2\/pages\/4714"}],"wp:attachment":[{"href":"https:\/\/trypper.it\/sl\/wp-json\/wp\/v2\/media?parent=4731"}],"curies":[{"name":"wp","href":"https:\/\/api.w.org\/{rel}","templated":true}]}}