{"id":4729,"date":"2022-02-17T12:20:55","date_gmt":"2022-02-17T11:20:55","guid":{"rendered":"https:\/\/trypper.it\/vrste-uporabe\/izvidnistvo\/"},"modified":"2023-11-09T18:40:04","modified_gmt":"2023-11-09T17:40:04","slug":"izvidnistvo","status":"publish","type":"page","link":"https:\/\/trypper.it\/sl\/vrste-uporabe\/izvidnistvo\/","title":{"rendered":"Izvidni\u0161tvo"},"content":{"rendered":"\t\t<div data-elementor-type=\"wp-page\" data-elementor-id=\"4729\" class=\"elementor elementor-4729 elementor-1771\">\n\t\t\t\t\t\t\t\t\t<section class=\"elementor-section elementor-top-section elementor-element elementor-element-d82b0a6 elementor-section-boxed elementor-section-height-default elementor-section-height-default\" data-id=\"d82b0a6\" data-element_type=\"section\" data-settings=\"{&quot;jet_parallax_layout_list&quot;:[],&quot;background_background&quot;:&quot;classic&quot;}\">\n\t\t\t\t\t\t<div class=\"elementor-container elementor-column-gap-no\">\n\t\t\t\t\t<div class=\"elementor-column elementor-col-100 elementor-top-column elementor-element elementor-element-a12f2f3\" data-id=\"a12f2f3\" data-element_type=\"column\">\n\t\t\t<div class=\"elementor-widget-wrap elementor-element-populated\">\n\t\t\t\t\t\t\t\t<div class=\"elementor-element elementor-element-84d4d7f animated-slow elementor-invisible elementor-widget elementor-widget-heading\" data-id=\"84d4d7f\" data-element_type=\"widget\" data-settings=\"{&quot;_animation&quot;:&quot;fadeInLeft&quot;,&quot;_animation_delay&quot;:200}\" data-widget_type=\"heading.default\">\n\t\t\t\t<div class=\"elementor-widget-container\">\n\t\t\t<style>\/*! elementor - v3.14.0 - 18-06-2023 *\/\n.elementor-heading-title{padding:0;margin:0;line-height:1}.elementor-widget-heading .elementor-heading-title[class*=elementor-size-]>a{color:inherit;font-size:inherit;line-height:inherit}.elementor-widget-heading .elementor-heading-title.elementor-size-small{font-size:15px}.elementor-widget-heading .elementor-heading-title.elementor-size-medium{font-size:19px}.elementor-widget-heading .elementor-heading-title.elementor-size-large{font-size:29px}.elementor-widget-heading .elementor-heading-title.elementor-size-xl{font-size:39px}.elementor-widget-heading .elementor-heading-title.elementor-size-xxl{font-size:59px}<\/style><h1 class=\"elementor-heading-title elementor-size-default\">IZVIDNI\u0160TVO<\/h1>\t\t<\/div>\n\t\t\t\t<\/div>\n\t\t\t\t\t<\/div>\n\t\t<\/div>\n\t\t\t\t\t\t\t<\/div>\n\t\t<\/section>\n\t\t\t\t<section class=\"elementor-section elementor-top-section elementor-element elementor-element-a5ab20f elementor-section-boxed elementor-section-height-default elementor-section-height-default\" data-id=\"a5ab20f\" data-element_type=\"section\" data-settings=\"{&quot;jet_parallax_layout_list&quot;:[],&quot;background_background&quot;:&quot;classic&quot;}\">\n\t\t\t\t\t\t<div class=\"elementor-container elementor-column-gap-no\">\n\t\t\t\t\t<div class=\"elementor-column elementor-col-100 elementor-top-column elementor-element elementor-element-c62bbc7\" data-id=\"c62bbc7\" data-element_type=\"column\">\n\t\t\t<div class=\"elementor-widget-wrap elementor-element-populated\">\n\t\t\t\t\t\t\t\t<div class=\"elementor-element elementor-element-1fdd7cf elementor-widget elementor-widget-heading\" data-id=\"1fdd7cf\" data-element_type=\"widget\" data-widget_type=\"heading.default\">\n\t\t\t\t<div class=\"elementor-widget-container\">\n\t\t\t<h2 class=\"elementor-heading-title elementor-size-default\">AKTIVNI IN PASIVNI PREGLED<\/h2>\t\t<\/div>\n\t\t\t\t<\/div>\n\t\t\t\t<section class=\"elementor-section elementor-inner-section elementor-element elementor-element-cbba0a2 elementor-section-full_width elementor-section-height-default elementor-section-height-default\" data-id=\"cbba0a2\" data-element_type=\"section\" data-settings=\"{&quot;jet_parallax_layout_list&quot;:[]}\">\n\t\t\t\t\t\t<div class=\"elementor-container elementor-column-gap-no\">\n\t\t\t\t\t<div class=\"elementor-column elementor-col-50 elementor-inner-column elementor-element elementor-element-5e361d1\" data-id=\"5e361d1\" data-element_type=\"column\">\n\t\t\t<div class=\"elementor-widget-wrap elementor-element-populated\">\n\t\t\t\t\t\t\t\t<div class=\"elementor-element elementor-element-4b4801b elementor-widget__width-initial elementor-widget elementor-widget-image\" data-id=\"4b4801b\" data-element_type=\"widget\" data-widget_type=\"image.default\">\n\t\t\t\t<div class=\"elementor-widget-container\">\n\t\t\t<style>\/*! elementor - v3.14.0 - 18-06-2023 *\/\n.elementor-widget-image{text-align:center}.elementor-widget-image a{display:inline-block}.elementor-widget-image a img[src$=\".svg\"]{width:48px}.elementor-widget-image img{vertical-align:middle;display:inline-block}<\/style>\t\t\t\t\t\t\t\t\t\t\t\t<img loading=\"lazy\" decoding=\"async\" width=\"569\" height=\"598\" src=\"https:\/\/trypper.it\/wp-content\/uploads\/2023\/10\/Ricognizione-2-1.png\" class=\"attachment-full size-full wp-image-4129\" alt=\"\" srcset=\"https:\/\/trypper.it\/wp-content\/uploads\/2023\/10\/Ricognizione-2-1.png 569w, https:\/\/trypper.it\/wp-content\/uploads\/2023\/10\/Ricognizione-2-1-285x300.png 285w\" sizes=\"auto, (max-width: 569px) 100vw, 569px\" \/>\t\t\t\t\t\t\t\t\t\t\t\t\t\t\t<\/div>\n\t\t\t\t<\/div>\n\t\t\t\t\t<\/div>\n\t\t<\/div>\n\t\t\t\t<div class=\"elementor-column elementor-col-50 elementor-inner-column elementor-element elementor-element-58500a9\" data-id=\"58500a9\" data-element_type=\"column\">\n\t\t\t<div class=\"elementor-widget-wrap elementor-element-populated\">\n\t\t\t\t\t\t\t\t<div class=\"elementor-element elementor-element-3d392c5 elementor-widget elementor-widget-text-editor\" data-id=\"3d392c5\" data-element_type=\"widget\" data-widget_type=\"text-editor.default\">\n\t\t\t\t<div class=\"elementor-widget-container\">\n\t\t\t<style>\/*! elementor - v3.14.0 - 18-06-2023 *\/\n.elementor-widget-text-editor.elementor-drop-cap-view-stacked .elementor-drop-cap{background-color:#69727d;color:#fff}.elementor-widget-text-editor.elementor-drop-cap-view-framed .elementor-drop-cap{color:#69727d;border:3px solid;background-color:transparent}.elementor-widget-text-editor:not(.elementor-drop-cap-view-default) .elementor-drop-cap{margin-top:8px}.elementor-widget-text-editor:not(.elementor-drop-cap-view-default) .elementor-drop-cap-letter{width:1em;height:1em}.elementor-widget-text-editor .elementor-drop-cap{float:left;text-align:center;line-height:1;font-size:50px}.elementor-widget-text-editor .elementor-drop-cap-letter{display:inline-block}<\/style>\t\t\t\t<p class=\"p1\">NADZOR PREKO TERMOVIZIJSKE IN INFRARDE\u010cE KAMERE<\/p>\n\t\t\t\t\t\t<\/div>\n\t\t\t\t<\/div>\n\t\t\t\t<div class=\"elementor-element elementor-element-11db5a6 elementor-widget elementor-widget-jet-headline\" data-id=\"11db5a6\" data-element_type=\"widget\" data-widget_type=\"jet-headline.default\">\n\t\t\t\t<div class=\"elementor-widget-container\">\n\t\t\t<p class=\"jet-headline jet-headline--direction-horizontal\"><span class=\"jet-headline__part jet-headline__first\"><span class=\"jet-headline__deco jet-headline__deco-icon\"><i aria-hidden=\"true\" class=\"fas fa-video\"><\/i><\/span><span class=\"jet-headline__label\">  <\/span><\/span><span class=\"jet-headline__space\">&nbsp;<\/span><span class=\"jet-headline__part jet-headline__second\"><span class=\"jet-headline__label\">IZVIDNI\u0160TVO\n<\/span><\/span><\/p>\t\t<\/div>\n\t\t\t\t<\/div>\n\t\t\t\t<div class=\"elementor-element elementor-element-8ad2980 elementor-widget elementor-widget-text-editor\" data-id=\"8ad2980\" data-element_type=\"widget\" data-widget_type=\"text-editor.default\">\n\t\t\t\t<div class=\"elementor-widget-container\">\n\t\t\t\t\t\t\t<p class=\"p1\">Napredek v tehnologiji je odprl vznemirljive prilo\u017enosti za optimizacijo ga\u0161enja in re\u0161evanja. V tem kontekstu ima Trypper klju\u010dno vlogo kot u\u010dinkovito sredstvo za izvidovanje in spremljanje v zahtevnih okoljih, za katera so zna\u010dilne visoke temperature in nevarni elementi.<\/p>\n<p class=\"p1\">Trypper se upravlja na daljavo, kar mu omogo\u010da, da se pribli\u017ea gore\u010dim stavbam ali obmo\u010djem nesre\u010de, vklju\u010dno s te\u017eko dostopnimi obmo\u010dji. Trypper, opremljen z vgrajeno kamero, gasilcem zagotavlja podrobne vizualne informacije v realnem \u010dasu. To zmanj\u0161a njihovo izpostavljenost \u0161kodljivemu dimu in zmanj\u0161a tveganje, da bi se stavba zru\u0161ila nanje. S pomo\u010djo termovizijskih kamer lahko gasilci v gostem dimu locirajo ljudi in \u017eivali ter natan\u010dno dolo\u010dijo izvor po\u017eara.<\/p>\n<p class=\"p1\">Trypperjeva izjemna okretnost in vsestranskost ga naredita nepogre\u0161ljivega zaveznika re\u0161evalcev. Ne le, da pospe\u0161i odzivne \u010dase, ampak tudi bistveno izbolj\u0161a mo\u017enosti za uspeh pri re\u0161evalnih akcijah.<\/p>\n\t\t\t\t\t\t<\/div>\n\t\t\t\t<\/div>\n\t\t\t\t\t<\/div>\n\t\t<\/div>\n\t\t\t\t\t\t\t<\/div>\n\t\t<\/section>\n\t\t\t\t\t<\/div>\n\t\t<\/div>\n\t\t\t\t\t\t\t<\/div>\n\t\t<\/section>\n\t\t\t\t<section class=\"elementor-section elementor-top-section elementor-element elementor-element-05e758e elementor-section-boxed elementor-section-height-default elementor-section-height-default\" data-id=\"05e758e\" data-element_type=\"section\" data-settings=\"{&quot;jet_parallax_layout_list&quot;:[],&quot;background_background&quot;:&quot;classic&quot;}\">\n\t\t\t\t\t\t<div class=\"elementor-container elementor-column-gap-no\">\n\t\t\t\t\t<div class=\"elementor-column elementor-col-100 elementor-top-column elementor-element elementor-element-9362493\" data-id=\"9362493\" data-element_type=\"column\">\n\t\t\t<div class=\"elementor-widget-wrap elementor-element-populated\">\n\t\t\t\t\t\t\t\t<div class=\"elementor-element elementor-element-32bc9d4 elementor-widget elementor-widget-heading\" data-id=\"32bc9d4\" data-element_type=\"widget\" data-widget_type=\"heading.default\">\n\t\t\t\t<div class=\"elementor-widget-container\">\n\t\t\t<h2 class=\"elementor-heading-title elementor-size-default\">\u010cE \u017dELITE TRYPPERJU DODATI NOV DODATEK, NE OKLAVLJAJTE IN STOPITE V STIK Z NAMI<\/h2>\t\t<\/div>\n\t\t\t\t<\/div>\n\t\t\t\t<div class=\"elementor-element elementor-element-f63058a elementor-widget__width-initial elementor-widget elementor-widget-text-editor\" data-id=\"f63058a\" data-element_type=\"widget\" data-widget_type=\"text-editor.default\">\n\t\t\t\t<div class=\"elementor-widget-container\">\n\t\t\t\t\t\t\t<p>O TEM SE LAHKO POGOVORIMO SKUPAJ<\/p>\n\t\t\t\t\t\t<\/div>\n\t\t\t\t<\/div>\n\t\t\t\t<div class=\"elementor-element elementor-element-ee5b105 elementor-widget__width-inherit elementor-widget elementor-widget-jet-button\" data-id=\"ee5b105\" data-element_type=\"widget\" data-widget_type=\"jet-button.default\">\n\t\t\t\t<div class=\"elementor-widget-container\">\n\t\t\t<div class=\"elementor-jet-button jet-elements\"><div class=\"jet-button__container\">\n\t<a class=\"jet-button__instance jet-button__instance--icon- hover-effect-1\" href=\"https:\/\/trypper.it\/sl\/kontaktirajte\/\">\n\t\t<div class=\"jet-button__plane jet-button__plane-normal\"><\/div>\n\t\t<div class=\"jet-button__plane jet-button__plane-hover\"><\/div>\n\t\t<div class=\"jet-button__state jet-button__state-normal\">\n\t\t\t<span class=\"jet-button__label\">Kontaktirajte nas<\/span>\t\t<\/div>\n\t\t<div class=\"jet-button__state jet-button__state-hover\">\n\t\t\t<span class=\"jet-button__label\">Kontaktirajte nas<\/span>\t\t<\/div>\n\t<\/a>\n<\/div>\n<\/div>\t\t<\/div>\n\t\t\t\t<\/div>\n\t\t\t\t\t<\/div>\n\t\t<\/div>\n\t\t\t\t\t\t\t<\/div>\n\t\t<\/section>\n\t\t\t\t\t\t\t<\/div>\n\t\t","protected":false},"excerpt":{"rendered":"<p>IZVIDNI\u0160TVO AKTIVNI IN PASIVNI PREGLED NADZOR PREKO TERMOVIZIJSKE IN INFRARDE\u010cE KAMERE &nbsp;IZVIDNI\u0160TVO Napredek v tehnologiji je odprl vznemirljive prilo\u017enosti za optimizacijo ga\u0161enja in re\u0161evanja. V tem kontekstu ima Trypper klju\u010dno vlogo kot u\u010dinkovito sredstvo za izvidovanje in spremljanje v zahtevnih okoljih, za katera so zna\u010dilne visoke temperature in nevarni elementi. Trypper se upravlja na daljavo, [&hellip;]<\/p>\n","protected":false},"author":1,"featured_media":0,"parent":4714,"menu_order":0,"comment_status":"closed","ping_status":"closed","template":"elementor_header_footer","meta":{"footnotes":""},"class_list":["post-4729","page","type-page","status-publish","hentry"],"_links":{"self":[{"href":"https:\/\/trypper.it\/sl\/wp-json\/wp\/v2\/pages\/4729","targetHints":{"allow":["GET"]}}],"collection":[{"href":"https:\/\/trypper.it\/sl\/wp-json\/wp\/v2\/pages"}],"about":[{"href":"https:\/\/trypper.it\/sl\/wp-json\/wp\/v2\/types\/page"}],"author":[{"embeddable":true,"href":"https:\/\/trypper.it\/sl\/wp-json\/wp\/v2\/users\/1"}],"replies":[{"embeddable":true,"href":"https:\/\/trypper.it\/sl\/wp-json\/wp\/v2\/comments?post=4729"}],"version-history":[{"count":11,"href":"https:\/\/trypper.it\/sl\/wp-json\/wp\/v2\/pages\/4729\/revisions"}],"predecessor-version":[{"id":5049,"href":"https:\/\/trypper.it\/sl\/wp-json\/wp\/v2\/pages\/4729\/revisions\/5049"}],"up":[{"embeddable":true,"href":"https:\/\/trypper.it\/sl\/wp-json\/wp\/v2\/pages\/4714"}],"wp:attachment":[{"href":"https:\/\/trypper.it\/sl\/wp-json\/wp\/v2\/media?parent=4729"}],"curies":[{"name":"wp","href":"https:\/\/api.w.org\/{rel}","templated":true}]}}