{"id":4727,"date":"2022-02-17T12:32:08","date_gmt":"2022-02-17T11:32:08","guid":{"rendered":"https:\/\/trypper.it\/vrste-uporabe\/rusevin\/"},"modified":"2024-05-06T10:31:37","modified_gmt":"2024-05-06T08:31:37","slug":"rusevin","status":"publish","type":"page","link":"https:\/\/trypper.it\/sl\/vrste-uporabe\/rusevin\/","title":{"rendered":"Ru\u0161evine"},"content":{"rendered":"\t\t<div data-elementor-type=\"wp-page\" data-elementor-id=\"4727\" class=\"elementor elementor-4727 elementor-1796\">\n\t\t\t\t\t\t\t\t\t<section class=\"elementor-section elementor-top-section elementor-element elementor-element-a3d5486 elementor-section-boxed elementor-section-height-default elementor-section-height-default\" data-id=\"a3d5486\" data-element_type=\"section\" data-settings=\"{&quot;jet_parallax_layout_list&quot;:[],&quot;background_background&quot;:&quot;classic&quot;}\">\n\t\t\t\t\t\t<div class=\"elementor-container elementor-column-gap-no\">\n\t\t\t\t\t<div class=\"elementor-column elementor-col-100 elementor-top-column elementor-element elementor-element-cae7ddd\" data-id=\"cae7ddd\" data-element_type=\"column\">\n\t\t\t<div class=\"elementor-widget-wrap elementor-element-populated\">\n\t\t\t\t\t\t\t\t<div class=\"elementor-element elementor-element-adbb898 animated-slow elementor-invisible elementor-widget elementor-widget-heading\" data-id=\"adbb898\" data-element_type=\"widget\" data-settings=\"{&quot;_animation&quot;:&quot;fadeInLeft&quot;,&quot;_animation_delay&quot;:200}\" data-widget_type=\"heading.default\">\n\t\t\t\t<div class=\"elementor-widget-container\">\n\t\t\t<style>\/*! elementor - v3.14.0 - 18-06-2023 *\/\n.elementor-heading-title{padding:0;margin:0;line-height:1}.elementor-widget-heading .elementor-heading-title[class*=elementor-size-]>a{color:inherit;font-size:inherit;line-height:inherit}.elementor-widget-heading .elementor-heading-title.elementor-size-small{font-size:15px}.elementor-widget-heading .elementor-heading-title.elementor-size-medium{font-size:19px}.elementor-widget-heading .elementor-heading-title.elementor-size-large{font-size:29px}.elementor-widget-heading .elementor-heading-title.elementor-size-xl{font-size:39px}.elementor-widget-heading .elementor-heading-title.elementor-size-xxl{font-size:59px}<\/style><h1 class=\"elementor-heading-title elementor-size-default\">RU\u0160EVINE<\/h1>\t\t<\/div>\n\t\t\t\t<\/div>\n\t\t\t\t\t<\/div>\n\t\t<\/div>\n\t\t\t\t\t\t\t<\/div>\n\t\t<\/section>\n\t\t\t\t<section class=\"elementor-section elementor-top-section elementor-element elementor-element-3d0a195 elementor-section-boxed elementor-section-height-default elementor-section-height-default\" data-id=\"3d0a195\" data-element_type=\"section\" data-settings=\"{&quot;jet_parallax_layout_list&quot;:[],&quot;background_background&quot;:&quot;classic&quot;}\">\n\t\t\t\t\t\t<div class=\"elementor-container elementor-column-gap-no\">\n\t\t\t\t\t<div class=\"elementor-column elementor-col-100 elementor-top-column elementor-element elementor-element-2c06765\" data-id=\"2c06765\" data-element_type=\"column\">\n\t\t\t<div class=\"elementor-widget-wrap elementor-element-populated\">\n\t\t\t\t\t\t\t\t<div class=\"elementor-element elementor-element-b918fd5 elementor-widget elementor-widget-heading\" data-id=\"b918fd5\" data-element_type=\"widget\" data-widget_type=\"heading.default\">\n\t\t\t\t<div class=\"elementor-widget-container\">\n\t\t\t<h2 class=\"elementor-heading-title elementor-size-default\">OPERACIJE ODSTRANJEVANJA\nRU\u0160EVINE<\/h2>\t\t<\/div>\n\t\t\t\t<\/div>\n\t\t\t\t<section class=\"elementor-section elementor-inner-section elementor-element elementor-element-0781c72 elementor-section-full_width elementor-section-height-default elementor-section-height-default\" data-id=\"0781c72\" data-element_type=\"section\" data-settings=\"{&quot;jet_parallax_layout_list&quot;:[]}\">\n\t\t\t\t\t\t<div class=\"elementor-container elementor-column-gap-no\">\n\t\t\t\t\t<div class=\"elementor-column elementor-col-50 elementor-inner-column elementor-element elementor-element-76134f9\" data-id=\"76134f9\" data-element_type=\"column\">\n\t\t\t<div class=\"elementor-widget-wrap elementor-element-populated\">\n\t\t\t\t\t\t\t\t<div class=\"elementor-element elementor-element-b3f6ad8 elementor-widget elementor-widget-image\" data-id=\"b3f6ad8\" data-element_type=\"widget\" data-widget_type=\"image.default\">\n\t\t\t\t<div class=\"elementor-widget-container\">\n\t\t\t<style>\/*! elementor - v3.14.0 - 18-06-2023 *\/\n.elementor-widget-image{text-align:center}.elementor-widget-image a{display:inline-block}.elementor-widget-image a img[src$=\".svg\"]{width:48px}.elementor-widget-image img{vertical-align:middle;display:inline-block}<\/style>\t\t\t\t\t\t\t\t\t\t\t\t<img loading=\"lazy\" decoding=\"async\" width=\"569\" height=\"598\" src=\"https:\/\/trypper.it\/wp-content\/uploads\/2023\/10\/Bonifica-2-1.png\" class=\"attachment-full size-full wp-image-4133\" alt=\"\" srcset=\"https:\/\/trypper.it\/wp-content\/uploads\/2023\/10\/Bonifica-2-1.png 569w, https:\/\/trypper.it\/wp-content\/uploads\/2023\/10\/Bonifica-2-1-285x300.png 285w\" sizes=\"auto, (max-width: 569px) 100vw, 569px\" \/>\t\t\t\t\t\t\t\t\t\t\t\t\t\t\t<\/div>\n\t\t\t\t<\/div>\n\t\t\t\t\t<\/div>\n\t\t<\/div>\n\t\t\t\t<div class=\"elementor-column elementor-col-50 elementor-inner-column elementor-element elementor-element-a2da50c\" data-id=\"a2da50c\" data-element_type=\"column\">\n\t\t\t<div class=\"elementor-widget-wrap elementor-element-populated\">\n\t\t\t\t\t\t\t\t<div class=\"elementor-element elementor-element-98580f1 elementor-widget elementor-widget-text-editor\" data-id=\"98580f1\" data-element_type=\"widget\" data-widget_type=\"text-editor.default\">\n\t\t\t\t<div class=\"elementor-widget-container\">\n\t\t\t<style>\/*! elementor - v3.14.0 - 18-06-2023 *\/\n.elementor-widget-text-editor.elementor-drop-cap-view-stacked .elementor-drop-cap{background-color:#69727d;color:#fff}.elementor-widget-text-editor.elementor-drop-cap-view-framed .elementor-drop-cap{color:#69727d;border:3px solid;background-color:transparent}.elementor-widget-text-editor:not(.elementor-drop-cap-view-default) .elementor-drop-cap{margin-top:8px}.elementor-widget-text-editor:not(.elementor-drop-cap-view-default) .elementor-drop-cap-letter{width:1em;height:1em}.elementor-widget-text-editor .elementor-drop-cap{float:left;text-align:center;line-height:1;font-size:50px}.elementor-widget-text-editor .elementor-drop-cap-letter{display:inline-block}<\/style>\t\t\t\t<p class=\"p1\">ZAGOTAVLJANJE VARNOSTI IN U\u010cINKOVITOSTI PRI OPERACIJAH \u010cI\u0160\u010cENJA IN ODSTRANJEVANJA RU\u0160EVINE<\/p>\t\t\t\t\t\t<\/div>\n\t\t\t\t<\/div>\n\t\t\t\t<div class=\"elementor-element elementor-element-8e90fb0 elementor-widget elementor-widget-jet-headline\" data-id=\"8e90fb0\" data-element_type=\"widget\" data-widget_type=\"jet-headline.default\">\n\t\t\t\t<div class=\"elementor-widget-container\">\n\t\t\t<p class=\"jet-headline jet-headline--direction-horizontal\"><span class=\"jet-headline__part jet-headline__first\"><span class=\"jet-headline__deco jet-headline__deco-icon\"><i aria-hidden=\"true\" class=\"far fa-building\"><\/i><\/span><span class=\"jet-headline__label\">  <\/span><\/span><span class=\"jet-headline__space\">&nbsp;<\/span><span class=\"jet-headline__part jet-headline__second\"><span class=\"jet-headline__label\"> ZAGOTAVLJANJE DOSTOPA DO NEDOSTOPNIH OBMO\u010cIJ\n<\/span><\/span><\/p>\t\t<\/div>\n\t\t\t\t<\/div>\n\t\t\t\t<div class=\"elementor-element elementor-element-0c190b3 elementor-widget elementor-widget-text-editor\" data-id=\"0c190b3\" data-element_type=\"widget\" data-widget_type=\"text-editor.default\">\n\t\t\t\t<div class=\"elementor-widget-container\">\n\t\t\t\t\t\t\t<p class=\"p1\">Po po\u017earu lahko strukture postanejo nevarne zaradi izjemne vro\u010dine, ki so jo prestale in kasnej\u0161ega procesa ohlajanja. V tak\u0161nih scenarijih postane Trypper nepogre\u0161ljivo orodje med fazo \u010di\u0161\u010denja. Njegove gosenice mu omogo\u010dajo natan\u010dno navigacijo skozi vrata in dostop do obmo\u010dij, ki bi sicer bila nedosegljiva. Ta zmo\u017enost zagotavlja, da lahko gasilci varno delajo in med tem ohranjajo varno razdaljo od konstrukcije, hkrati pa zmanj\u0161ajo svojo izpostavljenost dimu, strupenim kemikalijam in nevarnosti zru\u0161itve.<\/p>\n\t\t\t\t\t\t<\/div>\n\t\t\t\t<\/div>\n\t\t\t\t<div class=\"elementor-element elementor-element-b884e94 elementor-widget elementor-widget-jet-headline\" data-id=\"b884e94\" data-element_type=\"widget\" data-widget_type=\"jet-headline.default\">\n\t\t\t\t<div class=\"elementor-widget-container\">\n\t\t\t<p class=\"jet-headline jet-headline--direction-horizontal\"><span class=\"jet-headline__part jet-headline__first\"><span class=\"jet-headline__deco jet-headline__deco-icon\"><i aria-hidden=\"true\" class=\"far fa-share-square\"><\/i><\/span><span class=\"jet-headline__label\"> <\/span><\/span><span class=\"jet-headline__space\">&nbsp;<\/span><span class=\"jet-headline__part jet-headline__second\"><span class=\"jet-headline__label\">ODSTRANJEVANJE RU\u0160EVINE<\/span><\/span><\/p>\t\t<\/div>\n\t\t\t\t<\/div>\n\t\t\t\t<div class=\"elementor-element elementor-element-0b9327b elementor-widget elementor-widget-text-editor\" data-id=\"0b9327b\" data-element_type=\"widget\" data-widget_type=\"text-editor.default\">\n\t\t\t\t<div class=\"elementor-widget-container\">\n\t\t\t\t\t\t\t<p class=\"p1\">Po\u017eari in druge okoljske nesre\u010de lahko pogosto pustijo za seboj veliko koli\u010dino ru\u0161evin in odpadkov, ki lahko predstavljajo nevarnost. Na\u0161i roboti so zasnovani za delovanje v zahtevnih pogojih; premagovanje ovir, grobih terenov in celo navigacijo skozi vodo do 15 cm globoko. Lahko so opremljeni s specializiranimi orodji za u\u010dinkovito odstranjevanje odpadkov in \u010di\u0161\u010denje na obmo\u010djih, ki jih je prizadel po\u017ear, kar poenostavi postopek \u010di\u0161\u010denja in zmanj\u0161a verjetnost dodatnih incidentov.<\/p>\n\t\t\t\t\t\t<\/div>\n\t\t\t\t<\/div>\n\t\t\t\t\t<\/div>\n\t\t<\/div>\n\t\t\t\t\t\t\t<\/div>\n\t\t<\/section>\n\t\t\t\t\t<\/div>\n\t\t<\/div>\n\t\t\t\t\t\t\t<\/div>\n\t\t<\/section>\n\t\t\t\t<section class=\"elementor-section elementor-top-section elementor-element elementor-element-8697d63 elementor-section-boxed elementor-section-height-default elementor-section-height-default\" data-id=\"8697d63\" data-element_type=\"section\" data-settings=\"{&quot;jet_parallax_layout_list&quot;:[],&quot;background_background&quot;:&quot;classic&quot;}\">\n\t\t\t\t\t\t<div class=\"elementor-container elementor-column-gap-no\">\n\t\t\t\t\t<div class=\"elementor-column elementor-col-100 elementor-top-column elementor-element elementor-element-041c5c4\" data-id=\"041c5c4\" data-element_type=\"column\">\n\t\t\t<div class=\"elementor-widget-wrap elementor-element-populated\">\n\t\t\t\t\t\t\t\t<div class=\"elementor-element elementor-element-f7686ee elementor-widget elementor-widget-heading\" data-id=\"f7686ee\" data-element_type=\"widget\" data-widget_type=\"heading.default\">\n\t\t\t\t<div class=\"elementor-widget-container\">\n\t\t\t<h2 class=\"elementor-heading-title elementor-size-default\">\u010cE \u017dELITE TRYPPERJU DODATI NOV DODATEK, NE OKLAVLJAJTE IN STOPITE V STIK Z NAMI<\/h2>\t\t<\/div>\n\t\t\t\t<\/div>\n\t\t\t\t<div class=\"elementor-element elementor-element-d353344 elementor-widget__width-initial elementor-widget elementor-widget-text-editor\" data-id=\"d353344\" data-element_type=\"widget\" data-widget_type=\"text-editor.default\">\n\t\t\t\t<div class=\"elementor-widget-container\">\n\t\t\t\t\t\t\t<p>O TEM SE LAHKO POGOVORIMO SKUPAJ<\/p>\n\t\t\t\t\t\t<\/div>\n\t\t\t\t<\/div>\n\t\t\t\t<div class=\"elementor-element elementor-element-2589140 elementor-widget__width-inherit elementor-widget elementor-widget-jet-button\" data-id=\"2589140\" data-element_type=\"widget\" data-widget_type=\"jet-button.default\">\n\t\t\t\t<div class=\"elementor-widget-container\">\n\t\t\t<div class=\"elementor-jet-button jet-elements\"><div class=\"jet-button__container\">\n\t<a class=\"jet-button__instance jet-button__instance--icon- hover-effect-1\" href=\"https:\/\/trypper.it\/sl\/kontaktirajte\/\">\n\t\t<div class=\"jet-button__plane jet-button__plane-normal\"><\/div>\n\t\t<div class=\"jet-button__plane jet-button__plane-hover\"><\/div>\n\t\t<div class=\"jet-button__state jet-button__state-normal\">\n\t\t\t<span class=\"jet-button__label\">Kontaktirajte nas<\/span>\t\t<\/div>\n\t\t<div class=\"jet-button__state jet-button__state-hover\">\n\t\t\t<span class=\"jet-button__label\">Kontaktirajte nas<\/span>\t\t<\/div>\n\t<\/a>\n<\/div>\n<\/div>\t\t<\/div>\n\t\t\t\t<\/div>\n\t\t\t\t\t<\/div>\n\t\t<\/div>\n\t\t\t\t\t\t\t<\/div>\n\t\t<\/section>\n\t\t\t\t\t\t\t<\/div>\n\t\t","protected":false},"excerpt":{"rendered":"<p>RU\u0160EVINE OPERACIJE ODSTRANJEVANJA RU\u0160EVINE ZAGOTAVLJANJE VARNOSTI IN U\u010cINKOVITOSTI PRI OPERACIJAH \u010cI\u0160\u010cENJA IN ODSTRANJEVANJA RU\u0160EVINE &nbsp; ZAGOTAVLJANJE DOSTOPA DO NEDOSTOPNIH OBMO\u010cIJ Po po\u017earu lahko strukture postanejo nevarne zaradi izjemne vro\u010dine, ki so jo prestale in kasnej\u0161ega procesa ohlajanja. V tak\u0161nih scenarijih postane Trypper nepogre\u0161ljivo orodje med fazo \u010di\u0161\u010denja. Njegove gosenice mu omogo\u010dajo natan\u010dno navigacijo skozi vrata [&hellip;]<\/p>\n","protected":false},"author":1,"featured_media":0,"parent":4714,"menu_order":0,"comment_status":"closed","ping_status":"closed","template":"elementor_header_footer","meta":{"footnotes":""},"class_list":["post-4727","page","type-page","status-publish","hentry"],"_links":{"self":[{"href":"https:\/\/trypper.it\/sl\/wp-json\/wp\/v2\/pages\/4727","targetHints":{"allow":["GET"]}}],"collection":[{"href":"https:\/\/trypper.it\/sl\/wp-json\/wp\/v2\/pages"}],"about":[{"href":"https:\/\/trypper.it\/sl\/wp-json\/wp\/v2\/types\/page"}],"author":[{"embeddable":true,"href":"https:\/\/trypper.it\/sl\/wp-json\/wp\/v2\/users\/1"}],"replies":[{"embeddable":true,"href":"https:\/\/trypper.it\/sl\/wp-json\/wp\/v2\/comments?post=4727"}],"version-history":[{"count":27,"href":"https:\/\/trypper.it\/sl\/wp-json\/wp\/v2\/pages\/4727\/revisions"}],"predecessor-version":[{"id":5210,"href":"https:\/\/trypper.it\/sl\/wp-json\/wp\/v2\/pages\/4727\/revisions\/5210"}],"up":[{"embeddable":true,"href":"https:\/\/trypper.it\/sl\/wp-json\/wp\/v2\/pages\/4714"}],"wp:attachment":[{"href":"https:\/\/trypper.it\/sl\/wp-json\/wp\/v2\/media?parent=4727"}],"curies":[{"name":"wp","href":"https:\/\/api.w.org\/{rel}","templated":true}]}}