{"id":4716,"date":"2022-02-17T12:25:15","date_gmt":"2022-02-17T11:25:15","guid":{"rendered":"https:\/\/trypper.it\/vrste-uporabe\/gasilstvo\/"},"modified":"2023-11-09T18:36:36","modified_gmt":"2023-11-09T17:36:36","slug":"gasilstvo","status":"publish","type":"page","link":"https:\/\/trypper.it\/sl\/vrste-uporabe\/gasilstvo\/","title":{"rendered":"Gasilstvo"},"content":{"rendered":"\t\t<div data-elementor-type=\"wp-page\" data-elementor-id=\"4716\" class=\"elementor elementor-4716 elementor-1777\">\n\t\t\t\t\t\t\t\t\t<section class=\"elementor-section elementor-top-section elementor-element elementor-element-23b91f5 elementor-section-boxed elementor-section-height-default elementor-section-height-default\" data-id=\"23b91f5\" data-element_type=\"section\" data-settings=\"{&quot;jet_parallax_layout_list&quot;:[],&quot;background_background&quot;:&quot;classic&quot;}\">\n\t\t\t\t\t\t<div class=\"elementor-container elementor-column-gap-no\">\n\t\t\t\t\t<div class=\"elementor-column elementor-col-100 elementor-top-column elementor-element elementor-element-3308b3e\" data-id=\"3308b3e\" data-element_type=\"column\">\n\t\t\t<div class=\"elementor-widget-wrap elementor-element-populated\">\n\t\t\t\t\t\t\t\t<div class=\"elementor-element elementor-element-602644e elementor-absolute animated-slow elementor-invisible elementor-widget elementor-widget-heading\" data-id=\"602644e\" data-element_type=\"widget\" data-settings=\"{&quot;_position&quot;:&quot;absolute&quot;,&quot;_animation&quot;:&quot;fadeInLeft&quot;,&quot;_animation_delay&quot;:200}\" data-widget_type=\"heading.default\">\n\t\t\t\t<div class=\"elementor-widget-container\">\n\t\t\t<style>\/*! elementor - v3.14.0 - 18-06-2023 *\/\n.elementor-heading-title{padding:0;margin:0;line-height:1}.elementor-widget-heading .elementor-heading-title[class*=elementor-size-]>a{color:inherit;font-size:inherit;line-height:inherit}.elementor-widget-heading .elementor-heading-title.elementor-size-small{font-size:15px}.elementor-widget-heading .elementor-heading-title.elementor-size-medium{font-size:19px}.elementor-widget-heading .elementor-heading-title.elementor-size-large{font-size:29px}.elementor-widget-heading .elementor-heading-title.elementor-size-xl{font-size:39px}.elementor-widget-heading .elementor-heading-title.elementor-size-xxl{font-size:59px}<\/style><h1 class=\"elementor-heading-title elementor-size-default\">GASILSTVO<\/h1>\t\t<\/div>\n\t\t\t\t<\/div>\n\t\t\t\t\t<\/div>\n\t\t<\/div>\n\t\t\t\t\t\t\t<\/div>\n\t\t<\/section>\n\t\t\t\t<section class=\"elementor-section elementor-top-section elementor-element elementor-element-e56df01 elementor-section-boxed elementor-section-height-default elementor-section-height-default\" data-id=\"e56df01\" data-element_type=\"section\" data-settings=\"{&quot;jet_parallax_layout_list&quot;:[],&quot;background_background&quot;:&quot;classic&quot;}\">\n\t\t\t\t\t\t<div class=\"elementor-container elementor-column-gap-no\">\n\t\t\t\t\t<div class=\"elementor-column elementor-col-100 elementor-top-column elementor-element elementor-element-a037439\" data-id=\"a037439\" data-element_type=\"column\">\n\t\t\t<div class=\"elementor-widget-wrap elementor-element-populated\">\n\t\t\t\t\t\t\t\t<div class=\"elementor-element elementor-element-2e549b6 elementor-widget elementor-widget-heading\" data-id=\"2e549b6\" data-element_type=\"widget\" data-widget_type=\"heading.default\">\n\t\t\t\t<div class=\"elementor-widget-container\">\n\t\t\t<h3 class=\"elementor-heading-title elementor-size-default\"><a href=\"https:\/\/www.youtube.com\/watch?v=ipkeIMy0rjo\">KOMPAKTNA IN VSESTRANSKA RE\u0160ITEV ZA U\u010cINKOVIT ODZIV OB PO\u017dARU\n<\/a><\/h3>\t\t<\/div>\n\t\t\t\t<\/div>\n\t\t\t\t<section class=\"elementor-section elementor-inner-section elementor-element elementor-element-d9a0cb1 elementor-section-boxed elementor-section-height-default elementor-section-height-default\" data-id=\"d9a0cb1\" data-element_type=\"section\" data-settings=\"{&quot;jet_parallax_layout_list&quot;:[]}\">\n\t\t\t\t\t\t<div class=\"elementor-container elementor-column-gap-default\">\n\t\t\t\t\t<div class=\"elementor-column elementor-col-50 elementor-inner-column elementor-element elementor-element-80387bc\" data-id=\"80387bc\" data-element_type=\"column\">\n\t\t\t<div class=\"elementor-widget-wrap elementor-element-populated\">\n\t\t\t\t\t\t\t\t<div class=\"elementor-element elementor-element-9a15a3c elementor-widget elementor-widget-video\" data-id=\"9a15a3c\" data-element_type=\"widget\" data-settings=\"{&quot;youtube_url&quot;:&quot;https:\\\/\\\/www.youtube.com\\\/watch?v=ipkeIMy0rjo&quot;,&quot;autoplay&quot;:&quot;yes&quot;,&quot;play_on_mobile&quot;:&quot;yes&quot;,&quot;mute&quot;:&quot;yes&quot;,&quot;loop&quot;:&quot;yes&quot;,&quot;video_type&quot;:&quot;youtube&quot;}\" data-widget_type=\"video.default\">\n\t\t\t\t<div class=\"elementor-widget-container\">\n\t\t\t<style>\/*! elementor - v3.14.0 - 18-06-2023 *\/\n.elementor-widget-video .elementor-widget-container{overflow:hidden;transform:translateZ(0)}.elementor-widget-video .elementor-wrapper{aspect-ratio:var(--video-aspect-ratio)}.elementor-widget-video .elementor-wrapper iframe,.elementor-widget-video .elementor-wrapper video{height:100%;width:100%;display:flex;border:none;background-color:#000}@supports not (aspect-ratio:1\/1){.elementor-widget-video .elementor-wrapper{position:relative;overflow:hidden;height:0;padding-bottom:calc(100% \/ var(--video-aspect-ratio))}.elementor-widget-video .elementor-wrapper iframe,.elementor-widget-video .elementor-wrapper video{position:absolute;top:0;right:0;bottom:0;left:0}}.elementor-widget-video .elementor-open-inline .elementor-custom-embed-image-overlay{position:absolute;top:0;left:0;width:100%;height:100%;background-size:cover;background-position:50%}.elementor-widget-video .elementor-custom-embed-image-overlay{cursor:pointer;text-align:center}.elementor-widget-video .elementor-custom-embed-image-overlay:hover .elementor-custom-embed-play i{opacity:1}.elementor-widget-video .elementor-custom-embed-image-overlay img{display:block;width:100%}.elementor-widget-video .e-hosted-video .elementor-video{-o-object-fit:cover;object-fit:cover}.e-con-inner>.elementor-widget-video,.e-con>.elementor-widget-video{width:var(--container-widget-width);--flex-grow:var(--container-widget-flex-grow)}<\/style>\t\t<div class=\"elementor-wrapper elementor-open-inline\">\n\t\t\t<div class=\"elementor-video\"><\/div>\t\t<\/div>\n\t\t\t\t<\/div>\n\t\t\t\t<\/div>\n\t\t\t\t\t<\/div>\n\t\t<\/div>\n\t\t\t\t<div class=\"elementor-column elementor-col-50 elementor-inner-column elementor-element elementor-element-27dd0f0\" data-id=\"27dd0f0\" data-element_type=\"column\">\n\t\t\t<div class=\"elementor-widget-wrap elementor-element-populated\">\n\t\t\t\t\t\t\t\t<div class=\"elementor-element elementor-element-b365cf1 elementor-widget elementor-widget-text-editor\" data-id=\"b365cf1\" data-element_type=\"widget\" data-widget_type=\"text-editor.default\">\n\t\t\t\t<div class=\"elementor-widget-container\">\n\t\t\t<style>\/*! elementor - v3.14.0 - 18-06-2023 *\/\n.elementor-widget-text-editor.elementor-drop-cap-view-stacked .elementor-drop-cap{background-color:#69727d;color:#fff}.elementor-widget-text-editor.elementor-drop-cap-view-framed .elementor-drop-cap{color:#69727d;border:3px solid;background-color:transparent}.elementor-widget-text-editor:not(.elementor-drop-cap-view-default) .elementor-drop-cap{margin-top:8px}.elementor-widget-text-editor:not(.elementor-drop-cap-view-default) .elementor-drop-cap-letter{width:1em;height:1em}.elementor-widget-text-editor .elementor-drop-cap{float:left;text-align:center;line-height:1;font-size:50px}.elementor-widget-text-editor .elementor-drop-cap-letter{display:inline-block}<\/style>\t\t\t\t<p class=\"p1\">Trypper izstopa kot najkompaktnej\u0161i gasilski robot na trgu, s \u0161irino manj kot 80 cm, kar omogo\u010da enostaven transport na katerem koli gospodarskem vozilu. <\/br>Ko prispe na cilj, se priklopi na gasilsko cev in se daljinsko vodi do mesta intervencije, kar zagotavlja za\u0161\u010dito osebja pred zru\u0161itvami, eksplozijami, kemi\u010dno kontaminacijo in po\u017eari.<\/p>\n<p class=\"p1\">Trypper lahko sprejme katerokoli vrsto gasilskega monitorja, ki je povezan z APS, lahko pa je opremljen tudi z integriranim monitorjem. Integrirani gasilni monitor je opremljen z motorizacijo za nadzor pretoka vode, ki zagotavlja najve\u010d 2000 litrov na minuto.\nMonitor ima najve\u010dji vodoravni kot nihanja 40\u00b0 in najve\u010dji navpi\u010dni kot 80\u00b0, z dometom do 60 metrov. Hitrost pretoka je mogo\u010de prilagoditi z daljinskim upravljalnikom, kar Trypperju omogo\u010da samostojno delovanje brez potrebe po osebju v bli\u017eini.<\/p>\t\t\t\t\t\t<\/div>\n\t\t\t\t<\/div>\n\t\t\t\t\t<\/div>\n\t\t<\/div>\n\t\t\t\t\t\t\t<\/div>\n\t\t<\/section>\n\t\t\t\t<div class=\"elementor-element elementor-element-91c35a3 elementor-widget elementor-widget-text-editor\" data-id=\"91c35a3\" data-element_type=\"widget\" data-widget_type=\"text-editor.default\">\n\t\t\t\t<div class=\"elementor-widget-container\">\n\t\t\t\t\t\t\t<p class=\"p1\">Trypper napajajo baterije, kar mu omogo\u010da u\u010dinkovito upravljanje in ga\u0161enje po\u017earov v okoljih z omejeno koli\u010dino kisika, kot so na primer predori.\nPoleg tega se njegove zmogljivosti raz\u0161irijo na neposredno spopadanje z ognjem. Uporaba protipo\u017earnega monitorja deluje kot toplotna pregrada, ki zagotavlja potrebno hlajenje robota za neprekinjeno delovanje. <\/br>\u010ce notranja temperatura robota prese\u017ee vnaprej dolo\u010dene meje, njegova integrirana programska oprema nemudoma opozori operaterja in tako zagotovi hitro varnost Trypperja.<\/p>\t\t\t\t\t\t<\/div>\n\t\t\t\t<\/div>\n\t\t\t\t\t<\/div>\n\t\t<\/div>\n\t\t\t\t\t\t\t<\/div>\n\t\t<\/section>\n\t\t\t\t<section class=\"elementor-section elementor-top-section elementor-element elementor-element-1fef374 elementor-section-boxed elementor-section-height-default elementor-section-height-default\" data-id=\"1fef374\" data-element_type=\"section\" data-settings=\"{&quot;jet_parallax_layout_list&quot;:[],&quot;background_background&quot;:&quot;classic&quot;}\">\n\t\t\t\t\t\t<div class=\"elementor-container elementor-column-gap-no\">\n\t\t\t\t\t<div class=\"elementor-column elementor-col-100 elementor-top-column elementor-element elementor-element-cab4c37\" data-id=\"cab4c37\" data-element_type=\"column\">\n\t\t\t<div class=\"elementor-widget-wrap elementor-element-populated\">\n\t\t\t\t\t\t\t\t<div class=\"elementor-element elementor-element-9a8c1e9 elementor-widget elementor-widget-heading\" data-id=\"9a8c1e9\" data-element_type=\"widget\" data-widget_type=\"heading.default\">\n\t\t\t\t<div class=\"elementor-widget-container\">\n\t\t\t<h2 class=\"elementor-heading-title elementor-size-default\">\u010cE \u017dELITE TRYPPERJU DODATI NOV DODATEK, NE OKLAVLJAJTE IN STOPITE V STIK Z NAMI<\/h2>\t\t<\/div>\n\t\t\t\t<\/div>\n\t\t\t\t<div class=\"elementor-element elementor-element-7c1ba25 elementor-widget__width-initial elementor-widget elementor-widget-text-editor\" data-id=\"7c1ba25\" data-element_type=\"widget\" data-widget_type=\"text-editor.default\">\n\t\t\t\t<div class=\"elementor-widget-container\">\n\t\t\t\t\t\t\t<p>O TEM SE LAHKO POGOVORIMO SKUPAJ<\/p>\n\t\t\t\t\t\t<\/div>\n\t\t\t\t<\/div>\n\t\t\t\t<div class=\"elementor-element elementor-element-b06548a elementor-widget__width-inherit elementor-widget elementor-widget-jet-button\" data-id=\"b06548a\" data-element_type=\"widget\" data-widget_type=\"jet-button.default\">\n\t\t\t\t<div class=\"elementor-widget-container\">\n\t\t\t<div class=\"elementor-jet-button jet-elements\"><div class=\"jet-button__container\">\n\t<a class=\"jet-button__instance jet-button__instance--icon- hover-effect-1\" href=\"https:\/\/trypper.it\/sl\/kontaktirajte\/\">\n\t\t<div class=\"jet-button__plane jet-button__plane-normal\"><\/div>\n\t\t<div class=\"jet-button__plane jet-button__plane-hover\"><\/div>\n\t\t<div class=\"jet-button__state jet-button__state-normal\">\n\t\t\t<span class=\"jet-button__label\">Kontaktirajte nas<\/span>\t\t<\/div>\n\t\t<div class=\"jet-button__state jet-button__state-hover\">\n\t\t\t<span class=\"jet-button__label\">Kontaktirajte nas<\/span>\t\t<\/div>\n\t<\/a>\n<\/div>\n<\/div>\t\t<\/div>\n\t\t\t\t<\/div>\n\t\t\t\t\t<\/div>\n\t\t<\/div>\n\t\t\t\t\t\t\t<\/div>\n\t\t<\/section>\n\t\t\t\t\t\t\t<\/div>\n\t\t","protected":false},"excerpt":{"rendered":"<p>GASILSTVO KOMPAKTNA IN VSESTRANSKA RE\u0160ITEV ZA U\u010cINKOVIT ODZIV OB PO\u017dARU https:\/\/www.youtube.com\/watch?v=ipkeIMy0rjo Trypper izstopa kot najkompaktnej\u0161i gasilski robot na trgu, s \u0161irino manj kot 80 cm, kar omogo\u010da enostaven transport na katerem koli gospodarskem vozilu. Ko prispe na cilj, se priklopi na gasilsko cev in se daljinsko vodi do mesta intervencije, kar zagotavlja za\u0161\u010dito osebja pred [&hellip;]<\/p>\n","protected":false},"author":1,"featured_media":0,"parent":4714,"menu_order":0,"comment_status":"closed","ping_status":"closed","template":"elementor_header_footer","meta":{"footnotes":""},"class_list":["post-4716","page","type-page","status-publish","hentry"],"_links":{"self":[{"href":"https:\/\/trypper.it\/sl\/wp-json\/wp\/v2\/pages\/4716","targetHints":{"allow":["GET"]}}],"collection":[{"href":"https:\/\/trypper.it\/sl\/wp-json\/wp\/v2\/pages"}],"about":[{"href":"https:\/\/trypper.it\/sl\/wp-json\/wp\/v2\/types\/page"}],"author":[{"embeddable":true,"href":"https:\/\/trypper.it\/sl\/wp-json\/wp\/v2\/users\/1"}],"replies":[{"embeddable":true,"href":"https:\/\/trypper.it\/sl\/wp-json\/wp\/v2\/comments?post=4716"}],"version-history":[{"count":21,"href":"https:\/\/trypper.it\/sl\/wp-json\/wp\/v2\/pages\/4716\/revisions"}],"predecessor-version":[{"id":5037,"href":"https:\/\/trypper.it\/sl\/wp-json\/wp\/v2\/pages\/4716\/revisions\/5037"}],"up":[{"embeddable":true,"href":"https:\/\/trypper.it\/sl\/wp-json\/wp\/v2\/pages\/4714"}],"wp:attachment":[{"href":"https:\/\/trypper.it\/sl\/wp-json\/wp\/v2\/media?parent=4716"}],"curies":[{"name":"wp","href":"https:\/\/api.w.org\/{rel}","templated":true}]}}