{"id":4714,"date":"2022-02-01T17:23:21","date_gmt":"2022-02-01T16:23:21","guid":{"rendered":"https:\/\/trypper.it\/vrste-uporabe\/"},"modified":"2024-06-13T14:40:54","modified_gmt":"2024-06-13T12:40:54","slug":"vrste-uporabe","status":"publish","type":"page","link":"https:\/\/trypper.it\/sl\/vrste-uporabe\/","title":{"rendered":"Vrste Uporabe"},"content":{"rendered":"\t\t<div data-elementor-type=\"wp-page\" data-elementor-id=\"4714\" class=\"elementor elementor-4714 elementor-14\">\n\t\t\t\t\t\t\t\t\t<section class=\"elementor-section elementor-top-section elementor-element elementor-element-bfd5cc7 elementor-section-boxed elementor-section-height-default elementor-section-height-default\" data-id=\"bfd5cc7\" data-element_type=\"section\" data-settings=\"{&quot;jet_parallax_layout_list&quot;:[],&quot;background_background&quot;:&quot;classic&quot;}\">\n\t\t\t\t\t\t<div class=\"elementor-container elementor-column-gap-no\">\n\t\t\t\t\t<div class=\"elementor-column elementor-col-100 elementor-top-column elementor-element elementor-element-0187db5\" data-id=\"0187db5\" data-element_type=\"column\">\n\t\t\t<div class=\"elementor-widget-wrap elementor-element-populated\">\n\t\t\t\t\t\t\t\t<div class=\"elementor-element elementor-element-c2dca03 elementor-widget elementor-widget-heading\" data-id=\"c2dca03\" data-element_type=\"widget\" data-widget_type=\"heading.default\">\n\t\t\t\t<div class=\"elementor-widget-container\">\n\t\t\t<style>\/*! elementor - v3.14.0 - 18-06-2023 *\/\n.elementor-heading-title{padding:0;margin:0;line-height:1}.elementor-widget-heading .elementor-heading-title[class*=elementor-size-]>a{color:inherit;font-size:inherit;line-height:inherit}.elementor-widget-heading .elementor-heading-title.elementor-size-small{font-size:15px}.elementor-widget-heading .elementor-heading-title.elementor-size-medium{font-size:19px}.elementor-widget-heading .elementor-heading-title.elementor-size-large{font-size:29px}.elementor-widget-heading .elementor-heading-title.elementor-size-xl{font-size:39px}.elementor-widget-heading .elementor-heading-title.elementor-size-xxl{font-size:59px}<\/style><h1 class=\"elementor-heading-title elementor-size-default\">VRSTE UPORABE\n<\/h1>\t\t<\/div>\n\t\t\t\t<\/div>\n\t\t\t\t\t<\/div>\n\t\t<\/div>\n\t\t\t\t\t\t\t<\/div>\n\t\t<\/section>\n\t\t\t\t<section class=\"elementor-section elementor-top-section elementor-element elementor-element-a45cb4d elementor-section-boxed elementor-section-height-default elementor-section-height-default\" data-id=\"a45cb4d\" data-element_type=\"section\" data-settings=\"{&quot;jet_parallax_layout_list&quot;:[],&quot;background_background&quot;:&quot;classic&quot;}\">\n\t\t\t\t\t\t<div class=\"elementor-container elementor-column-gap-no\">\n\t\t\t\t\t<div class=\"elementor-column elementor-col-100 elementor-top-column elementor-element elementor-element-1cd08d0\" data-id=\"1cd08d0\" data-element_type=\"column\">\n\t\t\t<div class=\"elementor-widget-wrap elementor-element-populated\">\n\t\t\t\t\t\t\t\t<section class=\"elementor-section elementor-inner-section elementor-element elementor-element-cd03151 elementor-section-full_width elementor-section-height-default elementor-section-height-default\" data-id=\"cd03151\" data-element_type=\"section\" data-settings=\"{&quot;jet_parallax_layout_list&quot;:[]}\">\n\t\t\t\t\t\t<div class=\"elementor-container elementor-column-gap-no\">\n\t\t\t\t\t<div class=\"elementor-column elementor-col-50 elementor-inner-column elementor-element elementor-element-d677372\" data-id=\"d677372\" data-element_type=\"column\">\n\t\t\t<div class=\"elementor-widget-wrap elementor-element-populated\">\n\t\t\t\t\t\t\t\t<div class=\"elementor-element elementor-element-47b1d33 elementor-widget elementor-widget-image\" data-id=\"47b1d33\" data-element_type=\"widget\" data-widget_type=\"image.default\">\n\t\t\t\t<div class=\"elementor-widget-container\">\n\t\t\t<style>\/*! elementor - v3.14.0 - 18-06-2023 *\/\n.elementor-widget-image{text-align:center}.elementor-widget-image a{display:inline-block}.elementor-widget-image a img[src$=\".svg\"]{width:48px}.elementor-widget-image img{vertical-align:middle;display:inline-block}<\/style>\t\t\t\t\t\t\t\t\t\t\t\t\t<a href=\"https:\/\/trypper.it\/sl\/vrste-uporabe\/gasilstvo\/\">\n\t\t\t\t\t\t\t<img loading=\"lazy\" decoding=\"async\" width=\"1170\" height=\"718\" src=\"https:\/\/trypper.it\/wp-content\/uploads\/2023\/10\/1-1.png\" class=\"attachment-full size-full wp-image-4159\" alt=\"\" srcset=\"https:\/\/trypper.it\/wp-content\/uploads\/2023\/10\/1-1.png 1170w, https:\/\/trypper.it\/wp-content\/uploads\/2023\/10\/1-1-300x184.png 300w, https:\/\/trypper.it\/wp-content\/uploads\/2023\/10\/1-1-1024x628.png 1024w, https:\/\/trypper.it\/wp-content\/uploads\/2023\/10\/1-1-768x471.png 768w, https:\/\/trypper.it\/wp-content\/uploads\/2023\/10\/1-1-600x368.png 600w\" sizes=\"auto, (max-width: 1170px) 100vw, 1170px\" \/>\t\t\t\t\t\t\t\t<\/a>\n\t\t\t\t\t\t\t\t\t\t\t\t\t\t\t<\/div>\n\t\t\t\t<\/div>\n\t\t\t\t<div class=\"elementor-element elementor-element-a33509b elementor-widget elementor-widget-jet-services\" data-id=\"a33509b\" data-element_type=\"widget\" data-widget_type=\"jet-services.default\">\n\t\t\t\t<div class=\"elementor-widget-container\">\n\t\t\t<div class=\"elementor-jet-services jet-elements\"><div class=\"jet-services jet-services--header-position-top\">\n\t<div class=\"jet-services__inner\">\n\t\t<div class=\"jet-services__header\">\n\t\t\t<div class=\"jet-services__cover\"><\/div>\n\t\t<\/div>\n\t\t<div class=\"jet-services__content\"><h2 class=\"jet-services__title\"><span class=\"jet-services__title-text\">GASILSTVO<\/span><\/h2><p class=\"jet-services__desc\">Trypper izstopa kot najkompaktnej\u0161i gasilski robot na trgu, s \u0161irino manj kot 80 cm, kar omogo\u010da enostaven transport na katerem koli gospodarskem vozilu. Ko prispe na cilj, se priklopi na gasilsko cev in se daljinsko vodi do mesta intervencije...\n<\/p><a class=\"elementor-button elementor-size-md jet-services__button jet-services__button--icon-after\" href=\"https:\/\/trypper.it\/sl\/vrste-uporabe\/gasilstvo\/\"><span class=\"jet-services__button-text\"><\/span><span class=\"jet-services__button-icon jet-elements-icon\"><i aria-hidden=\"true\" class=\"fab fa-readme\"><\/i><\/span><\/a><\/div>\n\t<\/div>\n<\/div>\n<\/div>\t\t<\/div>\n\t\t\t\t<\/div>\n\t\t\t\t\t<\/div>\n\t\t<\/div>\n\t\t\t\t<div class=\"elementor-column elementor-col-50 elementor-inner-column elementor-element elementor-element-3f1b4ed\" data-id=\"3f1b4ed\" data-element_type=\"column\">\n\t\t\t<div class=\"elementor-widget-wrap elementor-element-populated\">\n\t\t\t\t\t\t\t\t<div class=\"elementor-element elementor-element-f59058a elementor-widget elementor-widget-image\" data-id=\"f59058a\" data-element_type=\"widget\" data-widget_type=\"image.default\">\n\t\t\t\t<div class=\"elementor-widget-container\">\n\t\t\t\t\t\t\t\t\t\t\t\t\t\t\t\t<a href=\"https:\/\/trypper.it\/sl\/vrste-uporabe\/rusevin\/\">\n\t\t\t\t\t\t\t<img loading=\"lazy\" decoding=\"async\" width=\"1170\" height=\"718\" src=\"https:\/\/trypper.it\/wp-content\/uploads\/2024\/06\/Bonifica.jpg\" class=\"attachment-full size-full wp-image-5214\" alt=\"\" srcset=\"https:\/\/trypper.it\/wp-content\/uploads\/2024\/06\/Bonifica.jpg 1170w, https:\/\/trypper.it\/wp-content\/uploads\/2024\/06\/Bonifica-300x184.jpg 300w, https:\/\/trypper.it\/wp-content\/uploads\/2024\/06\/Bonifica-1024x628.jpg 1024w, https:\/\/trypper.it\/wp-content\/uploads\/2024\/06\/Bonifica-768x471.jpg 768w, https:\/\/trypper.it\/wp-content\/uploads\/2024\/06\/Bonifica-600x368.jpg 600w\" sizes=\"auto, (max-width: 1170px) 100vw, 1170px\" \/>\t\t\t\t\t\t\t\t<\/a>\n\t\t\t\t\t\t\t\t\t\t\t\t\t\t\t<\/div>\n\t\t\t\t<\/div>\n\t\t\t\t<div class=\"elementor-element elementor-element-f1aaf47 elementor-widget elementor-widget-jet-services\" data-id=\"f1aaf47\" data-element_type=\"widget\" data-widget_type=\"jet-services.default\">\n\t\t\t\t<div class=\"elementor-widget-container\">\n\t\t\t<div class=\"elementor-jet-services jet-elements\"><div class=\"jet-services jet-services--header-position-top\">\n\t<div class=\"jet-services__inner\">\n\t\t<div class=\"jet-services__header\">\n\t\t\t<div class=\"jet-services__cover\"><\/div>\n\t\t<\/div>\n\t\t<div class=\"jet-services__content\"><h2 class=\"jet-services__title\"><span class=\"jet-services__title-text\">ODSTRANJEVANJE RU\u0160EVIN<\/span><\/h2><p class=\"jet-services__desc\">Po po\u017earu lahko strukture postanejo nevarne zaradi izjemne vro\u010dine, ki so jo prestale in kasnej\u0161ega procesa ohlajanja. V tak\u0161nih scenarijih postane Trypper nepogre\u0161ljivo orodje med fazo \u010di\u0161\u010denja...\n<\/p><a class=\"elementor-button elementor-size-md jet-services__button jet-services__button--icon-after\" href=\"https:\/\/trypper.it\/sl\/vrste-uporabe\/rusevin\/\"><span class=\"jet-services__button-text\"><\/span><span class=\"jet-services__button-icon jet-elements-icon\"><i aria-hidden=\"true\" class=\"fab fa-readme\"><\/i><\/span><\/a><\/div>\n\t<\/div>\n<\/div>\n<\/div>\t\t<\/div>\n\t\t\t\t<\/div>\n\t\t\t\t\t<\/div>\n\t\t<\/div>\n\t\t\t\t\t\t\t<\/div>\n\t\t<\/section>\n\t\t\t\t<section class=\"elementor-section elementor-inner-section elementor-element elementor-element-f34e70e elementor-section-full_width elementor-section-height-default elementor-section-height-default\" data-id=\"f34e70e\" data-element_type=\"section\" data-settings=\"{&quot;jet_parallax_layout_list&quot;:[]}\">\n\t\t\t\t\t\t<div class=\"elementor-container elementor-column-gap-no\">\n\t\t\t\t\t<div class=\"elementor-column elementor-col-50 elementor-inner-column elementor-element elementor-element-c8460c2\" data-id=\"c8460c2\" data-element_type=\"column\">\n\t\t\t<div class=\"elementor-widget-wrap elementor-element-populated\">\n\t\t\t\t\t\t\t\t<div class=\"elementor-element elementor-element-dac5c9c elementor-widget elementor-widget-image\" data-id=\"dac5c9c\" data-element_type=\"widget\" data-widget_type=\"image.default\">\n\t\t\t\t<div class=\"elementor-widget-container\">\n\t\t\t\t\t\t\t\t\t\t\t\t\t\t\t\t<a href=\"https:\/\/trypper.it\/sl\/vrste-uporabe\/izvidnistvo\/\">\n\t\t\t\t\t\t\t<img loading=\"lazy\" decoding=\"async\" width=\"1170\" height=\"718\" src=\"https:\/\/trypper.it\/wp-content\/uploads\/2023\/10\/4-2.png\" class=\"attachment-full size-full wp-image-4163\" alt=\"\" srcset=\"https:\/\/trypper.it\/wp-content\/uploads\/2023\/10\/4-2.png 1170w, https:\/\/trypper.it\/wp-content\/uploads\/2023\/10\/4-2-300x184.png 300w, https:\/\/trypper.it\/wp-content\/uploads\/2023\/10\/4-2-1024x628.png 1024w, https:\/\/trypper.it\/wp-content\/uploads\/2023\/10\/4-2-768x471.png 768w, https:\/\/trypper.it\/wp-content\/uploads\/2023\/10\/4-2-600x368.png 600w\" sizes=\"auto, (max-width: 1170px) 100vw, 1170px\" \/>\t\t\t\t\t\t\t\t<\/a>\n\t\t\t\t\t\t\t\t\t\t\t\t\t\t\t<\/div>\n\t\t\t\t<\/div>\n\t\t\t\t<div class=\"elementor-element elementor-element-bdebdd5 elementor-widget elementor-widget-jet-services\" data-id=\"bdebdd5\" data-element_type=\"widget\" data-widget_type=\"jet-services.default\">\n\t\t\t\t<div class=\"elementor-widget-container\">\n\t\t\t<div class=\"elementor-jet-services jet-elements\"><div class=\"jet-services jet-services--header-position-top\">\n\t<div class=\"jet-services__inner\">\n\t\t<div class=\"jet-services__header\">\n\t\t\t<div class=\"jet-services__cover\"><\/div>\n\t\t<\/div>\n\t\t<div class=\"jet-services__content\"><h2 class=\"jet-services__title\"><span class=\"jet-services__title-text\">IZVIDNI\u0160TVO<\/span><\/h2><p class=\"jet-services__desc\">Napredek v tehnologiji je odprl vznemirljive prilo\u017enosti za optimizacijo ga\u0161enja in re\u0161evanja. V tem kontekstu ima Trypper klju\u010dno vlogo kot u\u010dinkovito sredstvo za izvidovanje in spremljanje v zahtevnih okoljih...\n\n<\/p><a class=\"elementor-button elementor-size-md jet-services__button jet-services__button--icon-after\" href=\"https:\/\/trypper.it\/sl\/vrste-uporabe\/izvidnistvo\/\"><span class=\"jet-services__button-text\"><\/span><span class=\"jet-services__button-icon jet-elements-icon\"><i aria-hidden=\"true\" class=\"fab fa-readme\"><\/i><\/span><\/a><\/div>\n\t<\/div>\n<\/div>\n<\/div>\t\t<\/div>\n\t\t\t\t<\/div>\n\t\t\t\t\t<\/div>\n\t\t<\/div>\n\t\t\t\t<div class=\"elementor-column elementor-col-50 elementor-inner-column elementor-element elementor-element-3a17acb\" data-id=\"3a17acb\" data-element_type=\"column\">\n\t\t\t<div class=\"elementor-widget-wrap elementor-element-populated\">\n\t\t\t\t\t\t\t\t<div class=\"elementor-element elementor-element-ed3a18d elementor-widget elementor-widget-image\" data-id=\"ed3a18d\" data-element_type=\"widget\" data-widget_type=\"image.default\">\n\t\t\t\t<div class=\"elementor-widget-container\">\n\t\t\t\t\t\t\t\t\t\t\t\t\t\t\t\t<a href=\"https:\/\/trypper.it\/sl\/vrste-uporabe\/resevanje\/\">\n\t\t\t\t\t\t\t<img loading=\"lazy\" decoding=\"async\" width=\"1170\" height=\"718\" src=\"https:\/\/trypper.it\/wp-content\/uploads\/2023\/10\/3-1.png\" class=\"attachment-full size-full wp-image-4165\" alt=\"\" srcset=\"https:\/\/trypper.it\/wp-content\/uploads\/2023\/10\/3-1.png 1170w, https:\/\/trypper.it\/wp-content\/uploads\/2023\/10\/3-1-300x184.png 300w, https:\/\/trypper.it\/wp-content\/uploads\/2023\/10\/3-1-1024x628.png 1024w, https:\/\/trypper.it\/wp-content\/uploads\/2023\/10\/3-1-768x471.png 768w, https:\/\/trypper.it\/wp-content\/uploads\/2023\/10\/3-1-600x368.png 600w\" sizes=\"auto, (max-width: 1170px) 100vw, 1170px\" \/>\t\t\t\t\t\t\t\t<\/a>\n\t\t\t\t\t\t\t\t\t\t\t\t\t\t\t<\/div>\n\t\t\t\t<\/div>\n\t\t\t\t<div class=\"elementor-element elementor-element-5fefcd1 elementor-widget elementor-widget-jet-services\" data-id=\"5fefcd1\" data-element_type=\"widget\" data-widget_type=\"jet-services.default\">\n\t\t\t\t<div class=\"elementor-widget-container\">\n\t\t\t<div class=\"elementor-jet-services jet-elements\"><div class=\"jet-services jet-services--header-position-top\">\n\t<div class=\"jet-services__inner\">\n\t\t<div class=\"jet-services__header\">\n\t\t\t<div class=\"jet-services__cover\"><\/div>\n\t\t<\/div>\n\t\t<div class=\"jet-services__content\"><h2 class=\"jet-services__title\"><span class=\"jet-services__title-text\">RE\u0160EVANJE<\/span><\/h2><p class=\"jet-services__desc\">Trypper je dragocena prednost med operacijami iskanja in re\u0161evanja, saj ponuja zmogljivost, varnost in vsestranskost. Lahko je opremljen z infrarde\u010do ali termovizijsko kamero...<\/p><a class=\"elementor-button elementor-size-md jet-services__button jet-services__button--icon-after\" href=\"https:\/\/trypper.it\/sl\/vrste-uporabe\/resevanje\/\"><span class=\"jet-services__button-text\"><\/span><span class=\"jet-services__button-icon jet-elements-icon\"><i aria-hidden=\"true\" class=\"fab fa-readme\"><\/i><\/span><\/a><\/div>\n\t<\/div>\n<\/div>\n<\/div>\t\t<\/div>\n\t\t\t\t<\/div>\n\t\t\t\t\t<\/div>\n\t\t<\/div>\n\t\t\t\t\t\t\t<\/div>\n\t\t<\/section>\n\t\t\t\t<section class=\"elementor-section elementor-inner-section elementor-element elementor-element-4098021 elementor-section-full_width elementor-section-height-default elementor-section-height-default\" data-id=\"4098021\" data-element_type=\"section\" data-settings=\"{&quot;jet_parallax_layout_list&quot;:[]}\">\n\t\t\t\t\t\t<div class=\"elementor-container elementor-column-gap-no\">\n\t\t\t\t\t<div class=\"elementor-column elementor-col-50 elementor-inner-column elementor-element elementor-element-bcd737d\" data-id=\"bcd737d\" data-element_type=\"column\">\n\t\t\t<div class=\"elementor-widget-wrap elementor-element-populated\">\n\t\t\t\t\t\t\t\t<div class=\"elementor-element elementor-element-09386be elementor-widget elementor-widget-image\" data-id=\"09386be\" data-element_type=\"widget\" data-widget_type=\"image.default\">\n\t\t\t\t<div class=\"elementor-widget-container\">\n\t\t\t\t\t\t\t\t\t\t\t\t\t\t\t\t<a href=\"https:\/\/trypper.it\/sl\/vrste-uporabe\/transport\/\">\n\t\t\t\t\t\t\t<img loading=\"lazy\" decoding=\"async\" width=\"1170\" height=\"718\" src=\"https:\/\/trypper.it\/wp-content\/uploads\/2023\/10\/5-1.png\" class=\"attachment-full size-full wp-image-4167\" alt=\"\" srcset=\"https:\/\/trypper.it\/wp-content\/uploads\/2023\/10\/5-1.png 1170w, https:\/\/trypper.it\/wp-content\/uploads\/2023\/10\/5-1-300x184.png 300w, https:\/\/trypper.it\/wp-content\/uploads\/2023\/10\/5-1-1024x628.png 1024w, https:\/\/trypper.it\/wp-content\/uploads\/2023\/10\/5-1-768x471.png 768w, https:\/\/trypper.it\/wp-content\/uploads\/2023\/10\/5-1-600x368.png 600w\" sizes=\"auto, (max-width: 1170px) 100vw, 1170px\" \/>\t\t\t\t\t\t\t\t<\/a>\n\t\t\t\t\t\t\t\t\t\t\t\t\t\t\t<\/div>\n\t\t\t\t<\/div>\n\t\t\t\t<div class=\"elementor-element elementor-element-e2cc24a elementor-widget elementor-widget-jet-services\" data-id=\"e2cc24a\" data-element_type=\"widget\" data-widget_type=\"jet-services.default\">\n\t\t\t\t<div class=\"elementor-widget-container\">\n\t\t\t<div class=\"elementor-jet-services jet-elements\"><div class=\"jet-services jet-services--header-position-top\">\n\t<div class=\"jet-services__inner\">\n\t\t<div class=\"jet-services__header\">\n\t\t\t<div class=\"jet-services__cover\"><\/div>\n\t\t<\/div>\n\t\t<div class=\"jet-services__content\"><h2 class=\"jet-services__title\"><span class=\"jet-services__title-text\">TRANSPORT<\/span><\/h2><p class=\"jet-services__desc\">Trypper je kompakten robot z izjemno mo\u010djo, ki resni\u010dno spreminja igro v svetu daljinsko vodenih elektri\u010dnih vozil. Njegove kompaktne mere, ki merijo le 132 x 79 x 68 cm...\n<\/p><a class=\"elementor-button elementor-size-md jet-services__button jet-services__button--icon-after\" href=\"https:\/\/trypper.it\/sl\/vrste-uporabe\/transport\/\"><span class=\"jet-services__button-text\"><\/span><span class=\"jet-services__button-icon jet-elements-icon\"><i aria-hidden=\"true\" class=\"fab fa-readme\"><\/i><\/span><\/a><\/div>\n\t<\/div>\n<\/div>\n<\/div>\t\t<\/div>\n\t\t\t\t<\/div>\n\t\t\t\t\t<\/div>\n\t\t<\/div>\n\t\t\t\t<div class=\"elementor-column elementor-col-50 elementor-inner-column elementor-element elementor-element-04f8ddd\" data-id=\"04f8ddd\" data-element_type=\"column\">\n\t\t\t<div class=\"elementor-widget-wrap elementor-element-populated\">\n\t\t\t\t\t\t\t\t<div class=\"elementor-element elementor-element-5ba9ede elementor-widget elementor-widget-image\" data-id=\"5ba9ede\" data-element_type=\"widget\" data-widget_type=\"image.default\">\n\t\t\t\t<div class=\"elementor-widget-container\">\n\t\t\t\t\t\t\t\t\t\t\t\t\t\t\t\t<a href=\"https:\/\/trypper.it\/sl\/vrste-uporabe\/varnost\/\">\n\t\t\t\t\t\t\t<img loading=\"lazy\" decoding=\"async\" width=\"1170\" height=\"718\" src=\"https:\/\/trypper.it\/wp-content\/uploads\/2023\/10\/6-1.png\" class=\"attachment-full size-full wp-image-4171\" alt=\"\" srcset=\"https:\/\/trypper.it\/wp-content\/uploads\/2023\/10\/6-1.png 1170w, https:\/\/trypper.it\/wp-content\/uploads\/2023\/10\/6-1-300x184.png 300w, https:\/\/trypper.it\/wp-content\/uploads\/2023\/10\/6-1-1024x628.png 1024w, https:\/\/trypper.it\/wp-content\/uploads\/2023\/10\/6-1-768x471.png 768w, https:\/\/trypper.it\/wp-content\/uploads\/2023\/10\/6-1-600x368.png 600w\" sizes=\"auto, (max-width: 1170px) 100vw, 1170px\" \/>\t\t\t\t\t\t\t\t<\/a>\n\t\t\t\t\t\t\t\t\t\t\t\t\t\t\t<\/div>\n\t\t\t\t<\/div>\n\t\t\t\t<div class=\"elementor-element elementor-element-d974fcd elementor-widget elementor-widget-jet-services\" data-id=\"d974fcd\" data-element_type=\"widget\" data-widget_type=\"jet-services.default\">\n\t\t\t\t<div class=\"elementor-widget-container\">\n\t\t\t<div class=\"elementor-jet-services jet-elements\"><div class=\"jet-services jet-services--header-position-top\">\n\t<div class=\"jet-services__inner\">\n\t\t<div class=\"jet-services__header\">\n\t\t\t<div class=\"jet-services__cover\"><\/div>\n\t\t<\/div>\n\t\t<div class=\"jet-services__content\"><h2 class=\"jet-services__title\"><span class=\"jet-services__title-text\">VARNOST<\/span><\/h2><p class=\"jet-services__desc\">Trypper ima certifikat na ravni skupnosti in nosi oznako CE. Upravljanje tega robota je preprosto in uporabniku prijazno. Sistem daljinskega upravljanja ponuja omejen nabor jasnih ukazov...\n<\/p><a class=\"elementor-button elementor-size-md jet-services__button jet-services__button--icon-after\" href=\"https:\/\/trypper.it\/sl\/vrste-uporabe\/varnost\/\"><span class=\"jet-services__button-text\"><\/span><span class=\"jet-services__button-icon jet-elements-icon\"><i aria-hidden=\"true\" class=\"fab fa-readme\"><\/i><\/span><\/a><\/div>\n\t<\/div>\n<\/div>\n<\/div>\t\t<\/div>\n\t\t\t\t<\/div>\n\t\t\t\t\t<\/div>\n\t\t<\/div>\n\t\t\t\t\t\t\t<\/div>\n\t\t<\/section>\n\t\t\t\t<section class=\"elementor-section elementor-inner-section elementor-element elementor-element-dafb3ce elementor-section-full_width elementor-section-height-default elementor-section-height-default\" data-id=\"dafb3ce\" data-element_type=\"section\" data-settings=\"{&quot;jet_parallax_layout_list&quot;:[]}\">\n\t\t\t\t\t\t<div class=\"elementor-container elementor-column-gap-no\">\n\t\t\t\t\t<div class=\"elementor-column elementor-col-50 elementor-inner-column elementor-element elementor-element-b38e0c2\" data-id=\"b38e0c2\" data-element_type=\"column\">\n\t\t\t<div class=\"elementor-widget-wrap elementor-element-populated\">\n\t\t\t\t\t\t\t\t<div class=\"elementor-element elementor-element-37bd60b elementor-widget elementor-widget-image\" data-id=\"37bd60b\" data-element_type=\"widget\" data-widget_type=\"image.default\">\n\t\t\t\t<div class=\"elementor-widget-container\">\n\t\t\t\t\t\t\t\t\t\t\t\t\t\t\t\t<a href=\"https:\/\/trypper.it\/sl\/vrste-uporabe\/kmetijstvo\/\">\n\t\t\t\t\t\t\t<img loading=\"lazy\" decoding=\"async\" width=\"1170\" height=\"718\" src=\"https:\/\/trypper.it\/wp-content\/uploads\/2023\/10\/7-1.png\" class=\"attachment-full size-full wp-image-4169\" alt=\"\" srcset=\"https:\/\/trypper.it\/wp-content\/uploads\/2023\/10\/7-1.png 1170w, https:\/\/trypper.it\/wp-content\/uploads\/2023\/10\/7-1-300x184.png 300w, https:\/\/trypper.it\/wp-content\/uploads\/2023\/10\/7-1-1024x628.png 1024w, https:\/\/trypper.it\/wp-content\/uploads\/2023\/10\/7-1-768x471.png 768w, https:\/\/trypper.it\/wp-content\/uploads\/2023\/10\/7-1-600x368.png 600w\" sizes=\"auto, (max-width: 1170px) 100vw, 1170px\" \/>\t\t\t\t\t\t\t\t<\/a>\n\t\t\t\t\t\t\t\t\t\t\t\t\t\t\t<\/div>\n\t\t\t\t<\/div>\n\t\t\t\t<div class=\"elementor-element elementor-element-41a4d38 elementor-widget elementor-widget-jet-services\" data-id=\"41a4d38\" data-element_type=\"widget\" data-widget_type=\"jet-services.default\">\n\t\t\t\t<div class=\"elementor-widget-container\">\n\t\t\t<div class=\"elementor-jet-services jet-elements\"><div class=\"jet-services jet-services--header-position-top\">\n\t<div class=\"jet-services__inner\">\n\t\t<div class=\"jet-services__header\">\n\t\t\t<div class=\"jet-services__cover\"><\/div>\n\t\t<\/div>\n\t\t<div class=\"jet-services__content\"><h2 class=\"jet-services__title\"><span class=\"jet-services__title-text\">KMETIJSTVO<\/span><\/h2><p class=\"jet-services__desc\">Trypper raz\u0161irja svojo uporabnost onkraj ga\u0161enja in re\u0161evanja, saj slu\u017ei kot neprecenljiv stroj za izbolj\u0161anje vsakodnevne u\u010dinkovitosti kmetijskih praks v skladu s strogimi mednarodnimi predpisi...\n<\/p><a class=\"elementor-button elementor-size-md jet-services__button jet-services__button--icon-after\" href=\"https:\/\/trypper.it\/sl\/vrste-uporabe\/kmetijstvo\/\"><span class=\"jet-services__button-text\"><\/span><span class=\"jet-services__button-icon jet-elements-icon\"><i aria-hidden=\"true\" class=\"fab fa-readme\"><\/i><\/span><\/a><\/div>\n\t<\/div>\n<\/div>\n<\/div>\t\t<\/div>\n\t\t\t\t<\/div>\n\t\t\t\t\t<\/div>\n\t\t<\/div>\n\t\t\t\t<div class=\"elementor-column elementor-col-50 elementor-inner-column elementor-element elementor-element-e882c13\" data-id=\"e882c13\" data-element_type=\"column\">\n\t\t\t<div class=\"elementor-widget-wrap\">\n\t\t\t\t\t\t\t\t\t<\/div>\n\t\t<\/div>\n\t\t\t\t\t\t\t<\/div>\n\t\t<\/section>\n\t\t\t\t\t<\/div>\n\t\t<\/div>\n\t\t\t\t\t\t\t<\/div>\n\t\t<\/section>\n\t\t\t\t\t\t\t<\/div>\n\t\t","protected":false},"excerpt":{"rendered":"<p>VRSTE UPORABE GASILSTVO Trypper izstopa kot najkompaktnej\u0161i gasilski robot na trgu, s \u0161irino manj kot 80 cm, kar omogo\u010da enostaven transport na katerem koli gospodarskem vozilu. Ko prispe na cilj, se priklopi na gasilsko cev in se daljinsko vodi do mesta intervencije&#8230; ODSTRANJEVANJE RU\u0160EVIN Po po\u017earu lahko strukture postanejo nevarne zaradi izjemne vro\u010dine, ki so [&hellip;]<\/p>\n","protected":false},"author":1,"featured_media":0,"parent":0,"menu_order":0,"comment_status":"closed","ping_status":"closed","template":"elementor_header_footer","meta":{"footnotes":""},"class_list":["post-4714","page","type-page","status-publish","hentry"],"_links":{"self":[{"href":"https:\/\/trypper.it\/sl\/wp-json\/wp\/v2\/pages\/4714","targetHints":{"allow":["GET"]}}],"collection":[{"href":"https:\/\/trypper.it\/sl\/wp-json\/wp\/v2\/pages"}],"about":[{"href":"https:\/\/trypper.it\/sl\/wp-json\/wp\/v2\/types\/page"}],"author":[{"embeddable":true,"href":"https:\/\/trypper.it\/sl\/wp-json\/wp\/v2\/users\/1"}],"replies":[{"embeddable":true,"href":"https:\/\/trypper.it\/sl\/wp-json\/wp\/v2\/comments?post=4714"}],"version-history":[{"count":37,"href":"https:\/\/trypper.it\/sl\/wp-json\/wp\/v2\/pages\/4714\/revisions"}],"predecessor-version":[{"id":5223,"href":"https:\/\/trypper.it\/sl\/wp-json\/wp\/v2\/pages\/4714\/revisions\/5223"}],"wp:attachment":[{"href":"https:\/\/trypper.it\/sl\/wp-json\/wp\/v2\/media?parent=4714"}],"curies":[{"name":"wp","href":"https:\/\/api.w.org\/{rel}","templated":true}]}}