{"id":4682,"date":"2022-02-01T17:22:43","date_gmt":"2022-02-01T16:22:43","guid":{"rendered":"https:\/\/trypper.it\/o-nas\/"},"modified":"2023-11-02T17:58:13","modified_gmt":"2023-11-02T16:58:13","slug":"o-nas","status":"publish","type":"page","link":"https:\/\/trypper.it\/sl\/o-nas\/","title":{"rendered":"O Nas"},"content":{"rendered":"\t\t<div data-elementor-type=\"wp-page\" data-elementor-id=\"4682\" class=\"elementor elementor-4682 elementor-12\">\n\t\t\t\t\t\t\t\t\t<section class=\"elementor-section elementor-top-section elementor-element elementor-element-794071a elementor-section-full_width elementor-section-stretched elementor-section-height-default elementor-section-height-default\" data-id=\"794071a\" data-element_type=\"section\" data-settings=\"{&quot;jet_parallax_layout_list&quot;:[],&quot;background_background&quot;:&quot;classic&quot;,&quot;stretch_section&quot;:&quot;section-stretched&quot;}\">\n\t\t\t\t\t\t<div class=\"elementor-container elementor-column-gap-no\">\n\t\t\t\t\t<div class=\"elementor-column elementor-col-66 elementor-top-column elementor-element elementor-element-b3d36fe\" data-id=\"b3d36fe\" data-element_type=\"column\">\n\t\t\t<div class=\"elementor-widget-wrap elementor-element-populated\">\n\t\t\t\t\t\t\t\t<div class=\"elementor-element elementor-element-b4c69f6 elementor-widget elementor-widget-heading\" data-id=\"b4c69f6\" data-element_type=\"widget\" data-widget_type=\"heading.default\">\n\t\t\t\t<div class=\"elementor-widget-container\">\n\t\t\t<style>\/*! elementor - v3.14.0 - 18-06-2023 *\/\n.elementor-heading-title{padding:0;margin:0;line-height:1}.elementor-widget-heading .elementor-heading-title[class*=elementor-size-]>a{color:inherit;font-size:inherit;line-height:inherit}.elementor-widget-heading .elementor-heading-title.elementor-size-small{font-size:15px}.elementor-widget-heading .elementor-heading-title.elementor-size-medium{font-size:19px}.elementor-widget-heading .elementor-heading-title.elementor-size-large{font-size:29px}.elementor-widget-heading .elementor-heading-title.elementor-size-xl{font-size:39px}.elementor-widget-heading .elementor-heading-title.elementor-size-xxl{font-size:59px}<\/style><h1 class=\"elementor-heading-title elementor-size-default\">DOBRODO\u0160LI!<\/h1>\t\t<\/div>\n\t\t\t\t<\/div>\n\t\t\t\t<div class=\"elementor-element elementor-element-1010d72 elementor-widget__width-initial elementor-widget elementor-widget-text-editor\" data-id=\"1010d72\" data-element_type=\"widget\" data-widget_type=\"text-editor.default\">\n\t\t\t\t<div class=\"elementor-widget-container\">\n\t\t\t<style>\/*! elementor - v3.14.0 - 18-06-2023 *\/\n.elementor-widget-text-editor.elementor-drop-cap-view-stacked .elementor-drop-cap{background-color:#69727d;color:#fff}.elementor-widget-text-editor.elementor-drop-cap-view-framed .elementor-drop-cap{color:#69727d;border:3px solid;background-color:transparent}.elementor-widget-text-editor:not(.elementor-drop-cap-view-default) .elementor-drop-cap{margin-top:8px}.elementor-widget-text-editor:not(.elementor-drop-cap-view-default) .elementor-drop-cap-letter{width:1em;height:1em}.elementor-widget-text-editor .elementor-drop-cap{float:left;text-align:center;line-height:1;font-size:50px}.elementor-widget-text-editor .elementor-drop-cap-letter{display:inline-block}<\/style>\t\t\t\t<p class=\"p1\">Trypper je italijansko podjetje, ustanovljeno leta 2015, s sede\u017eem v Veroni v Italiji. Imamo tri desetletja strokovnega znanja v kovinsko-predelovalni industriji in industrijskem oblikovanju. Na\u0161e potovanje se je za\u010delo s slu\u017eenjem italijanskim gasilcem &#8211; izku\u0161nja, ki je poglobila na\u0161e razumevanje njihovih edinstvenih zahtev in izzivov.<\/p>\n\t\t\t\t\t\t<\/div>\n\t\t\t\t<\/div>\n\t\t\t\t<div class=\"elementor-element elementor-element-738aaab elementor-widget__width-initial elementor-widget elementor-widget-text-editor\" data-id=\"738aaab\" data-element_type=\"widget\" data-widget_type=\"text-editor.default\">\n\t\t\t\t<div class=\"elementor-widget-container\">\n\t\t\t\t\t\t\t<p class=\"p1\">Na\u0161e obse\u017eno in dobro uveljavljeno ozadje nam je omogo\u010dilo razvoj najsodobnej\u0161ih robotov, s \u010dimer smo postali pionirji na svetovnem trgu. Pravzaprav je Trypper izbrani gasilski robot italijanske nacionalne gasilske brigade. Zaupanje italijanskih institucij je dokaz na\u0161e predanosti in kakovosti na\u0161ih izdelkov. Toda Trypperjev uspeh sega izven Italije, saj se na\u0161i stroji prodajajo in cenijo v mednarodnem merilu.<\/p>\n<p class=\"p1\">Kar lo\u010duje na\u0161o blagovno znamko, je popoln nadzor nad zasnovo in proizvodnjo robotov.<br \/>Na\u0161 natan\u010den pristop k vsakemu koraku procesa nam omogo\u010da, da nenehno premikamo meje optimizacije. S tem zagotavljamo, da na\u0161e stranke prejmejo po meri izdelane stroje, opremljene z najnovej\u0161o tehnologijo, brez kompromisov glede prakti\u010dnosti in funkcionalnosti.<\/p>\n<p class=\"p1\">Na\u0161a zaveza k podpori strankam sega pred in po nakupu.<br \/>Zadovoljstvo strank je na\u0161a glavna prednostna naloga in zavezujemo se, da bomo nudili celovito in strokovno podporo na vsaki stopnji. Vedno smo pripravljeni integrirati nove tehnologije, da izpolnimo specifi\u010dne operativne potrebe vsake stranke, in toplo pozdravljamo povratne informacije in nasvete za na\u0161e nenehne izbolj\u0161ave.<\/p>\n\t\t\t\t\t\t<\/div>\n\t\t\t\t<\/div>\n\t\t\t\t\t<\/div>\n\t\t<\/div>\n\t\t\t\t<div class=\"elementor-column elementor-col-33 elementor-top-column elementor-element elementor-element-4ce0c90\" data-id=\"4ce0c90\" data-element_type=\"column\" data-settings=\"{&quot;background_background&quot;:&quot;classic&quot;}\">\n\t\t\t<div class=\"elementor-widget-wrap elementor-element-populated\">\n\t\t\t\t\t\t\t\t<div class=\"elementor-element elementor-element-3f6f396 elementor-widget elementor-widget-spacer\" data-id=\"3f6f396\" data-element_type=\"widget\" data-widget_type=\"spacer.default\">\n\t\t\t\t<div class=\"elementor-widget-container\">\n\t\t\t<style>\/*! elementor - v3.14.0 - 18-06-2023 *\/\n.elementor-column .elementor-spacer-inner{height:var(--spacer-size)}.e-con{--container-widget-width:100%}.e-con-inner>.elementor-widget-spacer,.e-con>.elementor-widget-spacer{width:var(--container-widget-width,var(--spacer-size));--align-self:var(--container-widget-align-self,initial);--flex-shrink:0}.e-con-inner>.elementor-widget-spacer>.elementor-widget-container,.e-con-inner>.elementor-widget-spacer>.elementor-widget-container>.elementor-spacer,.e-con>.elementor-widget-spacer>.elementor-widget-container,.e-con>.elementor-widget-spacer>.elementor-widget-container>.elementor-spacer{height:100%}.e-con-inner>.elementor-widget-spacer>.elementor-widget-container>.elementor-spacer>.elementor-spacer-inner,.e-con>.elementor-widget-spacer>.elementor-widget-container>.elementor-spacer>.elementor-spacer-inner{height:var(--container-widget-height,var(--spacer-size))}<\/style>\t\t<div class=\"elementor-spacer\">\n\t\t\t<div class=\"elementor-spacer-inner\"><\/div>\n\t\t<\/div>\n\t\t\t\t<\/div>\n\t\t\t\t<\/div>\n\t\t\t\t\t<\/div>\n\t\t<\/div>\n\t\t\t\t\t\t\t<\/div>\n\t\t<\/section>\n\t\t\t\t<section class=\"elementor-section elementor-top-section elementor-element elementor-element-fd503b1 elementor-section-boxed elementor-section-height-default elementor-section-height-default\" data-id=\"fd503b1\" data-element_type=\"section\" data-settings=\"{&quot;jet_parallax_layout_list&quot;:[],&quot;background_background&quot;:&quot;gradient&quot;}\">\n\t\t\t\t\t\t<div class=\"elementor-container elementor-column-gap-no\">\n\t\t\t\t\t<div class=\"elementor-column elementor-col-50 elementor-top-column elementor-element elementor-element-61cf56e\" data-id=\"61cf56e\" data-element_type=\"column\" data-settings=\"{&quot;background_background&quot;:&quot;classic&quot;}\">\n\t\t\t<div class=\"elementor-widget-wrap elementor-element-populated\">\n\t\t\t\t\t\t\t\t<div class=\"elementor-element elementor-element-286c9c5 elementor-widget elementor-widget-heading\" data-id=\"286c9c5\" data-element_type=\"widget\" data-widget_type=\"heading.default\">\n\t\t\t\t<div class=\"elementor-widget-container\">\n\t\t\t<h2 class=\"elementor-heading-title elementor-size-default\">NA\u0160E VREDNOTE<\/h2>\t\t<\/div>\n\t\t\t\t<\/div>\n\t\t\t\t<div class=\"elementor-element elementor-element-e978ede elementor-widget__width-initial elementor-widget-tablet__width-inherit elementor-widget elementor-widget-jet-services\" data-id=\"e978ede\" data-element_type=\"widget\" data-widget_type=\"jet-services.default\">\n\t\t\t\t<div class=\"elementor-widget-container\">\n\t\t\t<div class=\"elementor-jet-services jet-elements\"><div class=\"jet-services jet-services--header-position-left\">\n\t<div class=\"jet-services__inner\">\n\t\t<div class=\"jet-services__header\">\n\t\t\t<div class=\"jet-services__cover\"><div class=\"jet-services__icon\"><div class=\"inner\"><span class=\"jet-elements-icon\"><svg xmlns=\"http:\/\/www.w3.org\/2000\/svg\" width=\"32\" height=\"32\" viewBox=\"0 0 32 32\"><title>gear<\/title><path d=\"M31.219 20.75c0-0.354-0.195-0.696-0.513-0.879l-2.913-1.682c0.132-0.714 0.207-1.495 0.207-2.189s-0.078-1.478-0.209-2.189l2.913-1.682c0.318-0.184 0.513-0.526 0.513-0.879 0-0.881-2.624-6.19-3.991-6.19-0.177 0-0.355 0.045-0.515 0.138l-2.92 1.686c-1.109-0.948-2.39-1.69-3.79-2.186v-3.368c0-0.47-0.323-0.892-0.783-0.989-1.042-0.218-2.111-0.341-3.217-0.341s-2.178 0.124-3.217 0.341c-0.457 0.096-0.783 0.519-0.783 0.989v3.368c-1.4 0.496-2.681 1.239-3.787 2.184l-2.923-1.684c-0.159-0.093-0.338-0.138-0.515-0.138-1.232 0-3.991 5.122-3.991 6.19 0 0.354 0.195 0.696 0.513 0.879l2.913 1.682c-0.131 0.714-0.209 1.439-0.209 2.189s0.078 1.478 0.209 2.189l-2.913 1.682c-0.318 0.184-0.513 0.526-0.513 0.879 0 0.881 2.624 6.19 3.991 6.19 0.177 0 0.356-0.045 0.515-0.138l2.92-1.686c1.109 0.946 2.39 1.69 3.79 2.184v3.367c0 0.47 0.323 0.892 0.783 0.989 1.042 0.219 2.111 0.344 3.161 0.344s2.178-0.124 3.217-0.341c0.514-0.152 0.839-0.521 0.839-0.99v-3.367c1.401-0.496 2.683-1.239 3.791-2.186l2.92 1.686c0.16 0.092 0.338 0.138 0.515 0.138 1.23-0.002 3.993-5.121 3.993-6.19zM16 21c-2.757 0-5-2.243-5-5s2.244-5 5-5 5 2.243 5 5-2.244 5-5 5z\"><\/path><\/svg><\/span><\/div><\/div><\/div>\n\t\t<\/div>\n\t\t<div class=\"jet-services__content\"><h3 class=\"jet-services__title\"><span class=\"jet-services__title-text\">ZANESLJIVOST<\/span><\/h3><p class=\"jet-services__desc\">Pravo\u010dasna dostava na\u0161ih strojev za zagotovitev njihove takoj\u0161nje uporabe.\n\n\n<\/p><\/div>\n\t<\/div>\n<\/div>\n<\/div>\t\t<\/div>\n\t\t\t\t<\/div>\n\t\t\t\t<div class=\"elementor-element elementor-element-08e2fc6 elementor-widget__width-initial elementor-widget-tablet__width-inherit elementor-widget elementor-widget-jet-services\" data-id=\"08e2fc6\" data-element_type=\"widget\" data-widget_type=\"jet-services.default\">\n\t\t\t\t<div class=\"elementor-widget-container\">\n\t\t\t<div class=\"elementor-jet-services jet-elements\"><div class=\"jet-services jet-services--header-position-left\">\n\t<div class=\"jet-services__inner\">\n\t\t<div class=\"jet-services__header\">\n\t\t\t<div class=\"jet-services__cover\"><div class=\"jet-services__icon\"><div class=\"inner\"><span class=\"jet-elements-icon\"><svg xmlns=\"http:\/\/www.w3.org\/2000\/svg\" width=\"32\" height=\"32\" viewBox=\"0 0 32 32\"><title>shield<\/title><path d=\"M29.156 5.232l-12-5c-0.306-0.128-0.825-0.232-1.156-0.232s-0.844 0.104-1.15 0.231l-12 5c-1.119 0.462-1.85 1.556-1.85 2.712 0 16.075 11.825 24 14.944 24 3.194 0 15-8.012 15-24 0.056-1.156-0.675-2.25-1.788-2.712zM16 27.906l0.001-23.819c0-0.001 0 0 0 0l10.994 4.573c-0.258 11.321-7.058 17.408-10.995 19.246z\"><\/path><\/svg><\/span><\/div><\/div><\/div>\n\t\t<\/div>\n\t\t<div class=\"jet-services__content\"><h3 class=\"jet-services__title\"><span class=\"jet-services__title-text\">PROFESIONALNOST<\/span><\/h3><p class=\"jet-services__desc\">Visokokakovostni materiali, ki so v skladu z EU predpisi, podvr\u017eeni strogemu testiranju.\n\n\n<\/p><\/div>\n\t<\/div>\n<\/div>\n<\/div>\t\t<\/div>\n\t\t\t\t<\/div>\n\t\t\t\t<div class=\"elementor-element elementor-element-95170ad elementor-widget__width-initial elementor-widget-tablet__width-inherit elementor-widget elementor-widget-jet-services\" data-id=\"95170ad\" data-element_type=\"widget\" data-widget_type=\"jet-services.default\">\n\t\t\t\t<div class=\"elementor-widget-container\">\n\t\t\t<div class=\"elementor-jet-services jet-elements\"><div class=\"jet-services jet-services--header-position-left\">\n\t<div class=\"jet-services__inner\">\n\t\t<div class=\"jet-services__header\">\n\t\t\t<div class=\"jet-services__cover\"><div class=\"jet-services__icon\"><div class=\"inner\"><span class=\"jet-elements-icon\"><svg xmlns=\"http:\/\/www.w3.org\/2000\/svg\" width=\"40\" height=\"32\" viewBox=\"0 0 40 32\"><title>people-carry-box<\/title><path d=\"M8 5.944c1.656 0 2.944-1.344 2.944-2.944s-1.287-3-2.944-3-2.999 1.344-2.999 2.944 1.343 3 2.999 3zM31.944 5.944c1.656 0 2.944-1.344 2.944-2.944s-1.231-3-2.944-3c-1.656 0-3 1.344-3 2.944s1.4 3 3 3zM37.719 16.144l-1.156-5.008c-0.289-1.25-1.164-2.305-2.344-2.805-1.156-0.5-2.381-0.422-3.508 0.203-1.414 0.836-2.476 2.156-3.008 3.711l-0.703 2.117-0.944 0.641-0.113-6.003c0-0.547-0.453-1-1-1h-9.944c-0.547 0-1 0.453-1 1v5.944l-1.008-0.641-0.703-2.117c-0.523-1.563-1.586-2.875-3.008-3.711-1.078-0.625-2.352-0.703-3.508-0.203-1.18 0.5-2.055 1.555-2.344 2.805l-1.148 5.008c-0.289 1.25 0.047 2.578 0.898 3.547l4.203 4.742 0.633 5.789c0.109 1.074 0.971 1.837 1.984 1.837 0.078 0 0.141-0.008 0.219-0.016 1.101-0.117 1.891-1.101 1.766-2.203l-0.625-5.797c-0.094-0.813-0.438-1.57-0.976-2.188l-2.711-3.063 1.101-4.399 0.43 1.274c0.25 0.781 0.742 1.469 1.531 2.039l3.188 2.031c0.289 0.18 0.758 0.289 1.078 0.313h9.944c0.32-0.023 0.789-0.133 1.078-0.313l3.188-2.031c0.789-0.57 1.281-1.25 1.531-2.039l0.43-1.274 1.102 4.399-2.711 3.063c-0.539 0.617-0.883 1.375-0.976 2.188l-0.625 5.797c-0.125 1.101 0.672 2.086 1.766 2.203 0.13 0.009 0.192 0.016 0.217 0.016 1.008 0 1.819-0.758 1.984-1.781l0.632-5.789 4.258-4.742c0.85-0.969 1.188-2.294 0.9-3.544zM2.891 22.381l-2.75 6.875c-0.406 1.024 0.094 2.188 1.117 2.602 1.047 0.406 2.195-0.109 2.601-1.117l1.726-4.321-0.125-1.141-2.57-2.898zM39.856 29.256l-2.694-6.875-2.571 2.899-0.125 1.141 1.726 4.321c0.257 0.784 1.007 1.259 1.751 1.259 0.25 0 0.5-0.047 0.742-0.141 1.077-0.416 1.577-1.578 1.171-2.603z\"><\/path><\/svg><\/span><\/div><\/div><\/div>\n\t\t<\/div>\n\t\t<div class=\"jet-services__content\"><h3 class=\"jet-services__title\"><span class=\"jet-services__title-text\">PODPORA<\/span><\/h3><p class=\"jet-services__desc\">Podpora strankam, ki se razteza pred in po nakupu.\n\n\n<\/p><\/div>\n\t<\/div>\n<\/div>\n<\/div>\t\t<\/div>\n\t\t\t\t<\/div>\n\t\t\t\t\t<\/div>\n\t\t<\/div>\n\t\t\t\t<div class=\"elementor-column elementor-col-50 elementor-top-column elementor-element elementor-element-9cebc60\" data-id=\"9cebc60\" data-element_type=\"column\" data-settings=\"{&quot;background_background&quot;:&quot;classic&quot;}\">\n\t\t\t<div class=\"elementor-widget-wrap elementor-element-populated\">\n\t\t\t\t\t\t\t\t<div class=\"elementor-element elementor-element-ed384b8 elementor-widget elementor-widget-image\" data-id=\"ed384b8\" data-element_type=\"widget\" data-widget_type=\"image.default\">\n\t\t\t\t<div class=\"elementor-widget-container\">\n\t\t\t<style>\/*! elementor - v3.14.0 - 18-06-2023 *\/\n.elementor-widget-image{text-align:center}.elementor-widget-image a{display:inline-block}.elementor-widget-image a img[src$=\".svg\"]{width:48px}.elementor-widget-image img{vertical-align:middle;display:inline-block}<\/style>\t\t\t\t\t\t\t\t\t\t\t\t<img loading=\"lazy\" decoding=\"async\" width=\"500\" height=\"500\" src=\"https:\/\/trypper.it\/wp-content\/uploads\/2023\/06\/Logo-Trypper.jpg\" class=\"attachment-full size-full wp-image-4075\" alt=\"\" srcset=\"https:\/\/trypper.it\/wp-content\/uploads\/2023\/06\/Logo-Trypper.jpg 500w, https:\/\/trypper.it\/wp-content\/uploads\/2023\/06\/Logo-Trypper-300x300.jpg 300w, https:\/\/trypper.it\/wp-content\/uploads\/2023\/06\/Logo-Trypper-150x150.jpg 150w, https:\/\/trypper.it\/wp-content\/uploads\/2023\/06\/Logo-Trypper-230x230.jpg 230w, https:\/\/trypper.it\/wp-content\/uploads\/2023\/06\/Logo-Trypper-400x400.jpg 400w\" sizes=\"auto, (max-width: 500px) 100vw, 500px\" \/>\t\t\t\t\t\t\t\t\t\t\t\t\t\t\t<\/div>\n\t\t\t\t<\/div>\n\t\t\t\t\t<\/div>\n\t\t<\/div>\n\t\t\t\t\t\t\t<\/div>\n\t\t<\/section>\n\t\t\t\t\t\t\t<\/div>\n\t\t","protected":false},"excerpt":{"rendered":"<p>DOBRODO\u0160LI! Trypper je italijansko podjetje, ustanovljeno leta 2015, s sede\u017eem v Veroni v Italiji. Imamo tri desetletja strokovnega znanja v kovinsko-predelovalni industriji in industrijskem oblikovanju. Na\u0161e potovanje se je za\u010delo s slu\u017eenjem italijanskim gasilcem &#8211; izku\u0161nja, ki je poglobila na\u0161e razumevanje njihovih edinstvenih zahtev in izzivov. Na\u0161e obse\u017eno in dobro uveljavljeno ozadje nam je omogo\u010dilo [&hellip;]<\/p>\n","protected":false},"author":1,"featured_media":0,"parent":0,"menu_order":0,"comment_status":"closed","ping_status":"closed","template":"elementor_header_footer","meta":{"footnotes":""},"class_list":["post-4682","page","type-page","status-publish","hentry"],"_links":{"self":[{"href":"https:\/\/trypper.it\/sl\/wp-json\/wp\/v2\/pages\/4682","targetHints":{"allow":["GET"]}}],"collection":[{"href":"https:\/\/trypper.it\/sl\/wp-json\/wp\/v2\/pages"}],"about":[{"href":"https:\/\/trypper.it\/sl\/wp-json\/wp\/v2\/types\/page"}],"author":[{"embeddable":true,"href":"https:\/\/trypper.it\/sl\/wp-json\/wp\/v2\/users\/1"}],"replies":[{"embeddable":true,"href":"https:\/\/trypper.it\/sl\/wp-json\/wp\/v2\/comments?post=4682"}],"version-history":[{"count":2,"href":"https:\/\/trypper.it\/sl\/wp-json\/wp\/v2\/pages\/4682\/revisions"}],"predecessor-version":[{"id":4811,"href":"https:\/\/trypper.it\/sl\/wp-json\/wp\/v2\/pages\/4682\/revisions\/4811"}],"wp:attachment":[{"href":"https:\/\/trypper.it\/sl\/wp-json\/wp\/v2\/media?parent=4682"}],"curies":[{"name":"wp","href":"https:\/\/api.w.org\/{rel}","templated":true}]}}